{"id":3131,"date":"2025-05-27T17:15:03","date_gmt":"2025-05-28T00:15:03","guid":{"rendered":"https:\/\/morcabotours.com\/?post_type=product&#038;p=3131"},"modified":"2025-12-05T14:07:35","modified_gmt":"2025-12-05T21:07:35","slug":"barco-pirata-los-cabos","status":"publish","type":"product","link":"https:\/\/morcabotours.com\/en\/product\/barco-pirata-los-cabos\/","title":{"rendered":"Pirate Ship in Los Cabos \u2014 Show and Dinner Included"},"content":{"rendered":"<h2 class=\"wp-block-heading\" style=\"text-align: left;\"><div data-src=\"https:\/\/cdn.trustindex.io\/loader.js?868d11f242ab6822ff2652511a3\"><\/div><\/h2>\n<ul class=\"wp-block-list\">\n<li>\n<div class=\"section\" tabindex=\"0\" data-v-6e564eaf=\"\" data-v-3bd1aa0a=\"\" data-test-id=\"activity-details-display-section\">\n<div class=\"heading\" data-v-6e564eaf=\"\">\n<div class=\"heading-left\" data-v-6e564eaf=\"\"><\/div>\n<\/div>\n<\/div>\n<div class=\"section\" tabindex=\"0\" data-v-6e564eaf=\"\" data-v-3bd1aa0a=\"\" data-test-id=\"faq-display-section\">\n<div class=\"content\" data-v-6e564eaf=\"\">\n<div class=\"content-builder-markdown-view\" data-v-5ecb7dfc=\"\" data-v-3bd1aa0a=\"\" data-v-6e564eaf-s=\"\">\n<div class=\"section\" tabindex=\"0\" data-v-6e564eaf=\"\" data-v-3bd1aa0a=\"\" data-test-id=\"faq-display-section\">\n<div class=\"content\" data-v-6e564eaf=\"\">\n<div class=\"content-builder-markdown-view\" data-v-5ecb7dfc=\"\" data-v-3bd1aa0a=\"\" data-v-6e564eaf-s=\"\">\n<div class=\"section\" tabindex=\"0\" data-v-6e564eaf=\"\" data-v-3bd1aa0a=\"\" data-test-id=\"activity-details-display-section\">\n<div class=\"heading\" data-v-6e564eaf=\"\">\n<div class=\"heading-left\" data-v-6e564eaf=\"\">\n<h1 data-v-6e564eaf=\"\">Detalles de la actividad del<\/h1>\n<h1 class=\"item-name\">Barco pirata Los cabos<\/h1>\n<\/div>\n<div class=\"chevron-container\" data-v-6e564eaf=\"\">\n<div class=\"chevron expanded\" data-v-6e564eaf=\"\"><\/div>\n<\/div>\n<\/div>\n<div class=\"content\" data-v-6e564eaf=\"\">\n<div class=\"subsection\" data-v-3bd1aa0a=\"\" data-v-6e564eaf-s=\"\" data-test-id=\"activity-details-fields-description-display\">\n<div class=\"content-builder-markdown-view\" data-v-5ecb7dfc=\"\" data-v-3bd1aa0a=\"\" data-v-6e564eaf-s=\"\">\n<p>\u00a1Emb\u00e1rcate en una aventura pirata al atardecer! \ud83c\udff4\u200d\u2620\ufe0f\u2693 Disfruta de un recorrido emocionante por la bah\u00eda de Cabo San Lucas a bordo de un aut\u00e9ntico barco pirata mientras el sol se oculta en el horizonte.<br \/>\nDisfruta de la vista del Arco de Los Cabos, Playa del Amor y el Fin de la Tierra con una experiencia llena de diversi\u00f3n, barra libre y una deliciosa cena a bordo.<\/p>\n<p>\ud83d\udccc Ideal para familias, grupos de amigos y viajeros que buscan una experiencia diferente y divertida.<\/p>\n<p>\ud83c\udff4\u200d\u2620\ufe0f\ud83c\udf05 \u00a1Vive una puesta de sol \u00e9pica con piratas, cena y diversi\u00f3n a bordo! Reserva tu lugar y \u00fanete a la aventura. \u2693\ud83d\udd25<\/p>\n<\/div>\n<\/div>\n<div class=\"subsection\" data-v-3bd1aa0a=\"\" data-v-6e564eaf-s=\"\" data-test-id=\"activity-details-fields-what-is-included-display\">\n<h2 data-v-3bd1aa0a=\"\" data-v-6e564eaf-s=\"\">Qu\u00e9 est\u00e1 incluido en \u00a0el <strong>Barco pirata Los cabos<\/strong><\/h2>\n<div class=\"content-builder-markdown-view\" data-v-5ecb7dfc=\"\" data-v-3bd1aa0a=\"\" data-v-6e564eaf-s=\"\">\n<p>\u2714 Crucero en barco pirata por la bah\u00eda.<br \/>\n\u2714 Espect\u00e1culo interactivo de piratas con m\u00fasica y entretenimiento.<br \/>\n\u2714 Cena a bordo con opciones deliciosas.<br \/>\n\u2714 Barra libre nacional con cervezas y c\u00f3cteles.<br \/>\n\u2714 Vistas espectaculares de la puesta de sol y formaciones rocosas ic\u00f3nicas.<\/p>\n<\/div>\n<\/div>\n<div class=\"subsection\" data-v-3bd1aa0a=\"\" data-v-6e564eaf-s=\"\" data-test-id=\"activity-details-fields-what-is-not-included-display\">\n<h2 data-v-3bd1aa0a=\"\" data-v-6e564eaf-s=\"\">\u00bfQu\u00e9 no est\u00e1 incluido?<\/h2>\n<div class=\"content-builder-markdown-view\" data-v-5ecb7dfc=\"\" data-v-3bd1aa0a=\"\" data-v-6e564eaf-s=\"\">\n<p>\u2718 Propinas.<br \/>\n\u2718 Fotograf\u00edas profesionales.<br \/>\n\u2718 Souvenirs.<\/p>\n<\/div>\n<\/div>\n<div class=\"subsection\" data-v-3bd1aa0a=\"\" data-v-6e564eaf-s=\"\" data-test-id=\"activity-details-fields-itinerary-display\">\n<h2 data-v-3bd1aa0a=\"\" data-v-6e564eaf-s=\"\">Itinerario<\/h2>\n<div class=\"content-builder-markdown-view\" data-v-5ecb7dfc=\"\" data-v-3bd1aa0a=\"\" data-v-6e564eaf-s=\"\">\n<p>1\ufe0f\u20e3 Check-in y abordaje: Llega al muelle y s\u00fabete a bordo del barco pirata.<br \/>\n2\ufe0f\u20e3 Recorrido panor\u00e1mico: Navegamos por el Arco de Los Cabos, Playa del Amor y Fin de la Tierra.<br \/>\n3\ufe0f\u20e3 Show de piratas y cena: Disfruta de una cena deliciosa mientras los piratas hacen de las suyas con batallas y espect\u00e1culos.<br \/>\n4\ufe0f\u20e3 Barra libre y fiesta a bordo: M\u00fasica, entretenimiento y mucha diversi\u00f3n mientras el sol se esconde.<br \/>\n5\ufe0f\u20e3 Regreso a la marina: Finaliza la aventura y desembarcamos en Cabo San Lucas.<br \/>\n\ud83d\udccc El itinerario puede variar seg\u00fan las condiciones del mar.<\/p>\n<\/div>\n<\/div>\n<div class=\"subsection\" data-v-3bd1aa0a=\"\" data-v-6e564eaf-s=\"\" data-test-id=\"activity-details-fields-highlights-display\">\n<h2 data-v-3bd1aa0a=\"\" data-v-6e564eaf-s=\"\">Puntos fuertes<\/h2>\n<div class=\"content-builder-markdown-view\" data-v-5ecb7dfc=\"\" data-v-3bd1aa0a=\"\" data-v-6e564eaf-s=\"\">\n<p>\u2705 Experiencia \u00fanica en un aut\u00e9ntico barco pirata.<br \/>\n\u2705 Show en vivo con piratas y entretenimiento interactivo.<br \/>\n\u2705 Vistas impresionantes de la puesta de sol en Los Cabos.<br \/>\n\u2705 Cena y barra libre para disfrutar la velada.<br \/>\n\u2705 Ambiente familiar y divertido para todas las edades.<\/p>\n<\/div>\n<\/div>\n<\/div>\n<\/div>\n<div class=\"section\" tabindex=\"0\" data-v-6e564eaf=\"\" data-v-3bd1aa0a=\"\" data-test-id=\"additional-information-display-section\">\n<div class=\"heading\" data-v-6e564eaf=\"\">\n<div class=\"heading-left\" data-v-6e564eaf=\"\">\n<h1 data-v-6e564eaf=\"\">Informaci\u00f3n adicional para el\u00a0<strong>Barco pirata los cabos.<\/strong><\/h1>\n<\/div>\n<div class=\"chevron-container\" data-v-6e564eaf=\"\">\n<div class=\"chevron expanded\" data-v-6e564eaf=\"\"><\/div>\n<\/div>\n<\/div>\n<div class=\"content\" data-v-6e564eaf=\"\">\n<div class=\"subsection\" data-v-3bd1aa0a=\"\" data-v-6e564eaf-s=\"\" data-test-id=\"additional-information-fields-check-in-details-display\">\n<h2 data-v-3bd1aa0a=\"\" data-v-6e564eaf-s=\"\">Datos de validaci\u00f3n<\/h2>\n<div class=\"content-builder-markdown-view\" data-v-5ecb7dfc=\"\" data-v-3bd1aa0a=\"\" data-v-6e564eaf-s=\"\">\n<p>\ud83d\udccc C\u00f3digo de vestimenta: Casual (puedes llevar algo abrigador por la brisa).<br \/>\n\ud83d\udccc Llega al menos 30 minutos antes de la salida para el check-in.<br \/>\n\ud83d\udccc No se permite abordar con comida o bebidas externas.<\/p>\n<\/div>\n<\/div>\n<div class=\"subsection\" data-v-3bd1aa0a=\"\" data-v-6e564eaf-s=\"\" data-test-id=\"additional-information-fields-what-to-bring-display\">\n<h2 data-v-3bd1aa0a=\"\" data-v-6e564eaf-s=\"\">Qu\u00e9 hay que llevar<\/h2>\n<div class=\"content-builder-markdown-view\" data-v-5ecb7dfc=\"\" data-v-3bd1aa0a=\"\" data-v-6e564eaf-s=\"\">\n<p>\u2714 Ropa c\u00f3moda y ligera.<br \/>\n\u2714 C\u00e1mara o celular para capturar el atardecer.<br \/>\n\u2714 Dinero en efectivo para propinas o souvenirs.<\/p>\n<\/div>\n<\/div>\n<div class=\"subsection\" data-v-3bd1aa0a=\"\" data-v-6e564eaf-s=\"\" data-test-id=\"additional-information-fields-special-requirements-display\">\n<h2 data-v-3bd1aa0a=\"\" data-v-6e564eaf-s=\"\">Requisitos especiales<\/h2>\n<div class=\"content-builder-markdown-view\" data-v-5ecb7dfc=\"\" data-v-3bd1aa0a=\"\" data-v-6e564eaf-s=\"\">\n<p>*Los menores tienen que estar acompa\u00f1ados en todo momento.<br \/>\n*Mujeres embarazadas pueden participar.<\/p>\n<\/div>\n<\/div>\n<div class=\"subsection\" data-v-3bd1aa0a=\"\" data-v-6e564eaf-s=\"\" data-test-id=\"additional-information-fields-restrictions-display\">\n<h2 data-v-3bd1aa0a=\"\" data-v-6e564eaf-s=\"\">Restricciones<\/h2>\n<div class=\"content-builder-markdown-view\" data-v-5ecb7dfc=\"\" data-v-3bd1aa0a=\"\" data-v-6e564eaf-s=\"\">\n<p>**No se permiten mascotas.<\/p>\n<\/div>\n<\/div>\n<div class=\"subsection\" data-v-3bd1aa0a=\"\" data-v-6e564eaf-s=\"\" data-test-id=\"additional-information-fields-extras-display\">\n<h2 data-v-3bd1aa0a=\"\" data-v-6e564eaf-s=\"\">Extras<\/h2>\n<div class=\"content-builder-markdown-view\" data-v-5ecb7dfc=\"\" data-v-3bd1aa0a=\"\" data-v-6e564eaf-s=\"\">\n<p>*Fotograf\u00edas profesionales disponibles para compra (no obligatorio).<\/p>\n<\/div>\n<\/div>\n<div class=\"subsection\" data-v-3bd1aa0a=\"\" data-v-6e564eaf-s=\"\" data-test-id=\"additional-information-fields-disclaimers-display\">\n<h2 data-v-3bd1aa0a=\"\" data-v-6e564eaf-s=\"\">Descargos de responsabilidad<\/h2>\n<div class=\"content-builder-markdown-view\" data-v-5ecb7dfc=\"\" data-v-3bd1aa0a=\"\" data-v-6e564eaf-s=\"\">\n<p>Morcabo Tours act\u00faa \u00fanicamente como intermediario en la organizaci\u00f3n del tour, por lo que no se hace responsable por:<\/p>\n<ul>\n<li>Cambios en el itinerario debido a condiciones clim\u00e1ticas.<\/li>\n<li>Objetos perdidos u olvidados a bordo.<\/li>\n<li>Accidentes personales durante el recorrido.<\/li>\n<li>Llegadas tard\u00edas: Si el cliente no llega a tiempo, perder\u00e1 su reserva sin derecho a reembolso ni reprogramaci\u00f3n.<br \/>\nAl reservar, el cliente acepta estas condiciones y exonera a Morcabo Tours de cualquier responsabilidad.<\/li>\n<\/ul>\n<\/div>\n<\/div>\n<\/div>\n<\/div>\n<div class=\"section\" tabindex=\"0\" data-v-6e564eaf=\"\" data-v-3bd1aa0a=\"\" data-test-id=\"faq-display-section\">\n<div class=\"heading\" data-v-6e564eaf=\"\">\n<div class=\"heading-left\" data-v-6e564eaf=\"\">\n<h1 data-v-6e564eaf=\"\">Preguntas frecuentes<\/h1>\n<\/div>\n<div class=\"chevron-container\" data-v-6e564eaf=\"\">\n<div class=\"chevron expanded\" data-v-6e564eaf=\"\"><\/div>\n<\/div>\n<\/div>\n<div class=\"content\" data-v-6e564eaf=\"\">\n<div class=\"content-builder-markdown-view\" data-v-5ecb7dfc=\"\" data-v-3bd1aa0a=\"\" data-v-6e564eaf-s=\"\">\n<p>1\ufe0f\u20e3 \u00bfEs un tour apto para ni\u00f1os?<br \/>\nS\u00ed, es una experiencia familiar con actividades para todas las edades.<\/p>\n<p>2\ufe0f\u20e3 \u00bfSe puede elegir el men\u00fa de la cena?<br \/>\nS\u00ed, hay opciones para diferentes preferencias alimenticias.<\/p>\n<p>3\ufe0f\u20e3 \u00bfDebo reservar con anticipaci\u00f3n?<br \/>\nS\u00ed, es recomendable reservar con tiempo, especialmente en temporada alta.<\/p>\n<p>4\ufe0f\u20e3 \u00bfQu\u00e9 pasa si el tour se cancela por mal clima?<br \/>\nSi el tour no puede realizarse, podr\u00e1s reprogramarlo o solicitar un reembolso completo.<\/p>\n<p>5\ufe0f\u20e3 \u00bfSe permite disfrazarse de pirata?\u2028\u00a1S\u00ed! Si lo deseas, puedes ir vestido de pirata para disfrutar a\u00fan m\u00e1s la experiencia.<\/p>\n<\/div>\n<\/div>\n<\/div>\n<\/div>\n<\/div>\n<\/div>\n<\/div>\n<\/div>\n<\/div>\n<\/li>\n<\/ul>","protected":false},"excerpt":{"rendered":"<p style=\"text-align: center;\">\n<div data-src=\"https:\/\/cdn.trustindex.io\/loader.js?868d11f242ab6822ff2652511a3\"><\/div>\n<\/p>\n<div class=\"subsection\" data-v-3bd1aa0a=\"\" data-v-6e564eaf-s=\"\" data-test-id=\"activity-details-fields-what-is-included-display\">\n<h2 data-v-3bd1aa0a=\"\" data-v-6e564eaf-s=\"\">Qu\u00e9 est\u00e1 incluido en \u00a0el <strong>Barco pirata Los cabos<\/strong><\/h2>\n<div class=\"content-builder-markdown-view\" data-v-5ecb7dfc=\"\" data-v-3bd1aa0a=\"\" data-v-6e564eaf-s=\"\">\n<p>\u2714 Crucero en barco pirata por la bah\u00eda.<br \/>\n\u2714 Espect\u00e1culo interactivo de piratas con m\u00fasica y entretenimiento.<br \/>\n\u2714 Cena a bordo con opciones deliciosas.<br \/>\n\u2714 Barra libre nacional con cervezas y c\u00f3cteles.<br \/>\n\u2714 Vistas espectaculares de la puesta de sol y formaciones rocosas ic\u00f3nicas.<\/p>\n<\/div>\n<\/div>","protected":false},"featured_media":2859,"template":"","meta":{"_uag_custom_page_level_css":"","WB4WB4WP_MODE":"","WB4WP_PAGE_SCRIPTS":"","WB4WP_PAGE_STYLES":"","WB4WP_PAGE_FONTS":"","WB4WP_PAGE_HEADER":"","WB4WP_PAGE_FOOTER":"","_themeisle_gutenberg_block_has_review":false,"jetpack_post_was_ever_published":false,"_joinchat":{"telephone":"+526241001203","message_text":"Asesoria gratis"}},"product_brand":[],"product_cat":[45],"product_tag":[],"class_list":{"0":"post-3131","1":"product","2":"type-product","3":"status-publish","4":"has-post-thumbnail","6":"product_cat-visita-el-arco-de-cabo-san-lucas","8":"first","9":"instock","10":"shipping-taxable","11":"product-type-external"},"yoast_head":"<!-- This site is optimized with the Yoast SEO plugin v27.4 - https:\/\/yoast.com\/product\/yoast-seo-wordpress\/ -->\n<title>barco pirata Los cabos<\/title>\n<meta name=\"description\" content=\"Tour de Puesta de Sol en Barco Pirata es una de las experiencias m\u00e1s populares entre quienes visitan este destino de Los Cabos.\" \/>\n<meta name=\"robots\" content=\"index, follow, max-snippet:-1, max-image-preview:large, max-video-preview:-1\" \/>\n<link rel=\"canonical\" href=\"https:\/\/morcabotours.com\/en\/product\/barco-pirata-los-cabos\/\" \/>\n<meta property=\"og:locale\" content=\"en_US\" \/>\n<meta property=\"og:type\" content=\"article\" \/>\n<meta property=\"og:title\" content=\"barco pirata Los cabos\" \/>\n<meta property=\"og:description\" content=\"Tour de Puesta de Sol en Barco Pirata es una de las experiencias m\u00e1s populares entre quienes visitan este destino de Los Cabos.\" \/>\n<meta property=\"og:url\" content=\"https:\/\/morcabotours.com\/en\/product\/barco-pirata-los-cabos\/\" \/>\n<meta property=\"og:site_name\" content=\"Morcabo Tours\" \/>\n<meta property=\"article:publisher\" content=\"https:\/\/www.facebook.com\/Morcabo\/\" \/>\n<meta property=\"article:modified_time\" content=\"2025-12-05T21:07:35+00:00\" \/>\n<meta property=\"og:image\" content=\"https:\/\/morcabotours.com\/wp-content\/uploads\/2025\/02\/barco-pirata-show-cena-7.jpg\" \/>\n\t<meta property=\"og:image:width\" content=\"2048\" \/>\n\t<meta property=\"og:image:height\" content=\"2048\" \/>\n\t<meta property=\"og:image:type\" content=\"image\/jpeg\" \/>\n<meta name=\"twitter:card\" content=\"summary_large_image\" \/>\n<meta name=\"twitter:label1\" content=\"Est. reading time\" \/>\n\t<meta name=\"twitter:data1\" content=\"3 minutes\" \/>\n<script type=\"application\/ld+json\" class=\"yoast-schema-graph\">{\"@context\":\"https:\\\/\\\/schema.org\",\"@graph\":[{\"@type\":\"WebPage\",\"@id\":\"https:\\\/\\\/morcabotours.com\\\/producto\\\/barco-pirata-los-cabos\\\/\",\"url\":\"https:\\\/\\\/morcabotours.com\\\/producto\\\/barco-pirata-los-cabos\\\/\",\"name\":\"barco pirata Los cabos\",\"isPartOf\":{\"@id\":\"https:\\\/\\\/morcabotours.com\\\/#website\"},\"primaryImageOfPage\":{\"@id\":\"https:\\\/\\\/morcabotours.com\\\/producto\\\/barco-pirata-los-cabos\\\/#primaryimage\"},\"image\":{\"@id\":\"https:\\\/\\\/morcabotours.com\\\/producto\\\/barco-pirata-los-cabos\\\/#primaryimage\"},\"thumbnailUrl\":\"https:\\\/\\\/i0.wp.com\\\/morcabotours.com\\\/wp-content\\\/uploads\\\/2025\\\/02\\\/barco-pirata-show-cena-7.jpg?fit=2048%2C2048&ssl=1\",\"datePublished\":\"2025-05-28T00:15:03+00:00\",\"dateModified\":\"2025-12-05T21:07:35+00:00\",\"description\":\"Tour de Puesta de Sol en Barco Pirata es una de las experiencias m\u00e1s populares entre quienes visitan este destino de Los Cabos.\",\"breadcrumb\":{\"@id\":\"https:\\\/\\\/morcabotours.com\\\/producto\\\/barco-pirata-los-cabos\\\/#breadcrumb\"},\"inLanguage\":\"en-US\",\"potentialAction\":[{\"@type\":\"ReadAction\",\"target\":[\"https:\\\/\\\/morcabotours.com\\\/producto\\\/barco-pirata-los-cabos\\\/\"]}]},{\"@type\":\"ImageObject\",\"inLanguage\":\"en-US\",\"@id\":\"https:\\\/\\\/morcabotours.com\\\/producto\\\/barco-pirata-los-cabos\\\/#primaryimage\",\"url\":\"https:\\\/\\\/i0.wp.com\\\/morcabotours.com\\\/wp-content\\\/uploads\\\/2025\\\/02\\\/barco-pirata-show-cena-7.jpg?fit=2048%2C2048&ssl=1\",\"contentUrl\":\"https:\\\/\\\/i0.wp.com\\\/morcabotours.com\\\/wp-content\\\/uploads\\\/2025\\\/02\\\/barco-pirata-show-cena-7.jpg?fit=2048%2C2048&ssl=1\",\"width\":2048,\"height\":2048,\"caption\":\"Tour en Barco Pirata Los Cabos\"},{\"@type\":\"BreadcrumbList\",\"@id\":\"https:\\\/\\\/morcabotours.com\\\/producto\\\/barco-pirata-los-cabos\\\/#breadcrumb\",\"itemListElement\":[{\"@type\":\"ListItem\",\"position\":1,\"name\":\"Home\",\"item\":\"https:\\\/\\\/morcabotours.com\\\/\"},{\"@type\":\"ListItem\",\"position\":2,\"name\":\"Tours en Los Cabos\",\"item\":\"https:\\\/\\\/morcabotours.com\\\/reservar-tours-en-los-cabos\\\/\"},{\"@type\":\"ListItem\",\"position\":3,\"name\":\"barco pirata Los cabos Show y cena incluida.\"}]},{\"@type\":\"WebSite\",\"@id\":\"https:\\\/\\\/morcabotours.com\\\/#website\",\"url\":\"https:\\\/\\\/morcabotours.com\\\/\",\"name\":\"Morcabo Tours\",\"description\":\"Los Mejores Tours en Los Cabos.\",\"publisher\":{\"@id\":\"https:\\\/\\\/morcabotours.com\\\/#organization\"},\"potentialAction\":[{\"@type\":\"SearchAction\",\"target\":{\"@type\":\"EntryPoint\",\"urlTemplate\":\"https:\\\/\\\/morcabotours.com\\\/?s={search_term_string}\"},\"query-input\":{\"@type\":\"PropertyValueSpecification\",\"valueRequired\":true,\"valueName\":\"search_term_string\"}}],\"inLanguage\":\"en-US\"},{\"@type\":\"Organization\",\"@id\":\"https:\\\/\\\/morcabotours.com\\\/#organization\",\"name\":\"Morcabo tours Que hacer en Los Cabos.\",\"url\":\"https:\\\/\\\/morcabotours.com\\\/\",\"logo\":{\"@type\":\"ImageObject\",\"inLanguage\":\"en-US\",\"@id\":\"https:\\\/\\\/morcabotours.com\\\/#\\\/schema\\\/logo\\\/image\\\/\",\"url\":\"https:\\\/\\\/i0.wp.com\\\/morcabotours.com\\\/wp-content\\\/uploads\\\/2026\\\/03\\\/MORCABO-LOGO-HORIZONTAL.png?fit=1000%2C500&ssl=1\",\"contentUrl\":\"https:\\\/\\\/i0.wp.com\\\/morcabotours.com\\\/wp-content\\\/uploads\\\/2026\\\/03\\\/MORCABO-LOGO-HORIZONTAL.png?fit=1000%2C500&ssl=1\",\"width\":1000,\"height\":500,\"caption\":\"Morcabo tours Que hacer en Los Cabos.\"},\"image\":{\"@id\":\"https:\\\/\\\/morcabotours.com\\\/#\\\/schema\\\/logo\\\/image\\\/\"},\"sameAs\":[\"https:\\\/\\\/www.facebook.com\\\/Morcabo\\\/\",\"https:\\\/\\\/www.instagram.com\\\/morcabotoursenloscabos\\\/\",\"https:\\\/\\\/www.tiktok.com\\\/@morcabotours\"]}]}<\/script>\n<!-- \/ Yoast SEO plugin. -->","yoast_head_json":{"title":"barco pirata Los cabos","description":"Tour de Puesta de Sol en Barco Pirata es una de las experiencias m\u00e1s populares entre quienes visitan este destino de Los Cabos.","robots":{"index":"index","follow":"follow","max-snippet":"max-snippet:-1","max-image-preview":"max-image-preview:large","max-video-preview":"max-video-preview:-1"},"canonical":"https:\/\/morcabotours.com\/en\/product\/barco-pirata-los-cabos\/","og_locale":"en_US","og_type":"article","og_title":"barco pirata Los cabos","og_description":"Tour de Puesta de Sol en Barco Pirata es una de las experiencias m\u00e1s populares entre quienes visitan este destino de Los Cabos.","og_url":"https:\/\/morcabotours.com\/en\/product\/barco-pirata-los-cabos\/","og_site_name":"Morcabo Tours","article_publisher":"https:\/\/www.facebook.com\/Morcabo\/","article_modified_time":"2025-12-05T21:07:35+00:00","og_image":[{"width":2048,"height":2048,"url":"https:\/\/morcabotours.com\/wp-content\/uploads\/2025\/02\/barco-pirata-show-cena-7.jpg","type":"image\/jpeg"}],"twitter_card":"summary_large_image","twitter_misc":{"Est. reading time":"3 minutes"},"schema":{"@context":"https:\/\/schema.org","@graph":[{"@type":"WebPage","@id":"https:\/\/morcabotours.com\/producto\/barco-pirata-los-cabos\/","url":"https:\/\/morcabotours.com\/producto\/barco-pirata-los-cabos\/","name":"barco pirata Los cabos","isPartOf":{"@id":"https:\/\/morcabotours.com\/#website"},"primaryImageOfPage":{"@id":"https:\/\/morcabotours.com\/producto\/barco-pirata-los-cabos\/#primaryimage"},"image":{"@id":"https:\/\/morcabotours.com\/producto\/barco-pirata-los-cabos\/#primaryimage"},"thumbnailUrl":"https:\/\/i0.wp.com\/morcabotours.com\/wp-content\/uploads\/2025\/02\/barco-pirata-show-cena-7.jpg?fit=2048%2C2048&ssl=1","datePublished":"2025-05-28T00:15:03+00:00","dateModified":"2025-12-05T21:07:35+00:00","description":"Tour de Puesta de Sol en Barco Pirata es una de las experiencias m\u00e1s populares entre quienes visitan este destino de Los Cabos.","breadcrumb":{"@id":"https:\/\/morcabotours.com\/producto\/barco-pirata-los-cabos\/#breadcrumb"},"inLanguage":"en-US","potentialAction":[{"@type":"ReadAction","target":["https:\/\/morcabotours.com\/producto\/barco-pirata-los-cabos\/"]}]},{"@type":"ImageObject","inLanguage":"en-US","@id":"https:\/\/morcabotours.com\/producto\/barco-pirata-los-cabos\/#primaryimage","url":"https:\/\/i0.wp.com\/morcabotours.com\/wp-content\/uploads\/2025\/02\/barco-pirata-show-cena-7.jpg?fit=2048%2C2048&ssl=1","contentUrl":"https:\/\/i0.wp.com\/morcabotours.com\/wp-content\/uploads\/2025\/02\/barco-pirata-show-cena-7.jpg?fit=2048%2C2048&ssl=1","width":2048,"height":2048,"caption":"Tour en Barco Pirata Los Cabos"},{"@type":"BreadcrumbList","@id":"https:\/\/morcabotours.com\/producto\/barco-pirata-los-cabos\/#breadcrumb","itemListElement":[{"@type":"ListItem","position":1,"name":"Home","item":"https:\/\/morcabotours.com\/"},{"@type":"ListItem","position":2,"name":"Tours en Los Cabos","item":"https:\/\/morcabotours.com\/reservar-tours-en-los-cabos\/"},{"@type":"ListItem","position":3,"name":"barco pirata Los cabos Show y cena incluida."}]},{"@type":"WebSite","@id":"https:\/\/morcabotours.com\/#website","url":"https:\/\/morcabotours.com\/","name":"Morcabo Tours","description":"Best things To Do in Cabo","publisher":{"@id":"https:\/\/morcabotours.com\/#organization"},"potentialAction":[{"@type":"SearchAction","target":{"@type":"EntryPoint","urlTemplate":"https:\/\/morcabotours.com\/?s={search_term_string}"},"query-input":{"@type":"PropertyValueSpecification","valueRequired":true,"valueName":"search_term_string"}}],"inLanguage":"en-US"},{"@type":"Organization","@id":"https:\/\/morcabotours.com\/#organization","name":"Morcabo tours Que hacer en Los Cabos.","url":"https:\/\/morcabotours.com\/","logo":{"@type":"ImageObject","inLanguage":"en-US","@id":"https:\/\/morcabotours.com\/#\/schema\/logo\/image\/","url":"https:\/\/i0.wp.com\/morcabotours.com\/wp-content\/uploads\/2026\/03\/MORCABO-LOGO-HORIZONTAL.png?fit=1000%2C500&ssl=1","contentUrl":"https:\/\/i0.wp.com\/morcabotours.com\/wp-content\/uploads\/2026\/03\/MORCABO-LOGO-HORIZONTAL.png?fit=1000%2C500&ssl=1","width":1000,"height":500,"caption":"Morcabo tours Que hacer en Los Cabos."},"image":{"@id":"https:\/\/morcabotours.com\/#\/schema\/logo\/image\/"},"sameAs":["https:\/\/www.facebook.com\/Morcabo\/","https:\/\/www.instagram.com\/morcabotoursenloscabos\/","https:\/\/www.tiktok.com\/@morcabotours"]}]}},"uagb_featured_image_src":{"full":["https:\/\/i0.wp.com\/morcabotours.com\/wp-content\/uploads\/2025\/02\/barco-pirata-show-cena-7.jpg?fit=2048%2C2048&ssl=1",2048,2048,false],"thumbnail":["https:\/\/i0.wp.com\/morcabotours.com\/wp-content\/uploads\/2025\/02\/barco-pirata-show-cena-7.jpg?resize=150%2C150&ssl=1",150,150,true],"medium":["https:\/\/i0.wp.com\/morcabotours.com\/wp-content\/uploads\/2025\/02\/barco-pirata-show-cena-7.jpg?fit=300%2C300&ssl=1",300,300,true],"medium_large":["https:\/\/i0.wp.com\/morcabotours.com\/wp-content\/uploads\/2025\/02\/barco-pirata-show-cena-7.jpg?fit=768%2C768&ssl=1",768,768,true],"large":["https:\/\/i0.wp.com\/morcabotours.com\/wp-content\/uploads\/2025\/02\/barco-pirata-show-cena-7.jpg?fit=1024%2C1024&ssl=1",1024,1024,true],"1536x1536":["https:\/\/i0.wp.com\/morcabotours.com\/wp-content\/uploads\/2025\/02\/barco-pirata-show-cena-7.jpg?fit=1536%2C1536&ssl=1",1536,1536,true],"2048x2048":["https:\/\/i0.wp.com\/morcabotours.com\/wp-content\/uploads\/2025\/02\/barco-pirata-show-cena-7.jpg?fit=2048%2C2048&ssl=1",2048,2048,true],"trp-custom-language-flag":["https:\/\/i0.wp.com\/morcabotours.com\/wp-content\/uploads\/2025\/02\/barco-pirata-show-cena-7.jpg?fit=12%2C12&ssl=1",12,12,true],"woocommerce_archive_thumbnail":["https:\/\/i0.wp.com\/morcabotours.com\/wp-content\/uploads\/2025\/02\/barco-pirata-show-cena-7.jpg?resize=300%2C300&ssl=1",300,300,true],"woocommerce_thumbnail":["https:\/\/i0.wp.com\/morcabotours.com\/wp-content\/uploads\/2025\/02\/barco-pirata-show-cena-7.jpg?resize=300%2C300&ssl=1",300,300,true],"woocommerce_single":["https:\/\/i0.wp.com\/morcabotours.com\/wp-content\/uploads\/2025\/02\/barco-pirata-show-cena-7.jpg?fit=600%2C600&ssl=1",600,600,true],"woocommerce_gallery_thumbnail":["https:\/\/i0.wp.com\/morcabotours.com\/wp-content\/uploads\/2025\/02\/barco-pirata-show-cena-7.jpg?resize=100%2C100&ssl=1",100,100,true]},"uagb_author_info":{"display_name":"Daniel Campos","author_link":"https:\/\/morcabotours.com\/en\/author\/"},"uagb_comment_info":0,"uagb_excerpt":"[trustindex data-widget-id=\"[trustindex data-widget-id=868d11f242ab6822ff2652511a3] Qu\u00e9 est\u00e1 incluido en \u00a0el Barco pirata Los cabos \u2714 Crucero en barco pirata por la bah\u00eda. \u2714 Espect\u00e1culo interactivo de piratas con m\u00fasica y entretenimiento. \u2714 Cena a bordo con opciones deliciosas. \u2714 Barra libre nacional con cervezas y c\u00f3cteles. \u2714 Vistas espectaculares de la puesta de sol y formaciones rocosas&hellip;","jetpack_sharing_enabled":true,"_links":{"self":[{"href":"https:\/\/morcabotours.com\/en\/wp-json\/wp\/v2\/product\/3131","targetHints":{"allow":["GET"]}}],"collection":[{"href":"https:\/\/morcabotours.com\/en\/wp-json\/wp\/v2\/product"}],"about":[{"href":"https:\/\/morcabotours.com\/en\/wp-json\/wp\/v2\/types\/product"}],"wp:featuredmedia":[{"embeddable":true,"href":"https:\/\/morcabotours.com\/en\/wp-json\/wp\/v2\/media\/2859"}],"wp:attachment":[{"href":"https:\/\/morcabotours.com\/en\/wp-json\/wp\/v2\/media?parent=3131"}],"wp:term":[{"taxonomy":"product_brand","embeddable":true,"href":"https:\/\/morcabotours.com\/en\/wp-json\/wp\/v2\/product_brand?post=3131"},{"taxonomy":"product_cat","embeddable":true,"href":"https:\/\/morcabotours.com\/en\/wp-json\/wp\/v2\/product_cat?post=3131"},{"taxonomy":"product_tag","embeddable":true,"href":"https:\/\/morcabotours.com\/en\/wp-json\/wp\/v2\/product_tag?post=3131"}],"curies":[{"name":"wp","href":"https:\/\/api.w.org\/{rel}","templated":true}]}}