{"id":3125,"date":"2025-05-27T16:52:18","date_gmt":"2025-05-27T23:52:18","guid":{"rendered":"https:\/\/morcabotours.com\/?post_type=product&#038;p=3125"},"modified":"2025-12-05T14:06:46","modified_gmt":"2025-12-05T21:06:46","slug":"tour-de-snorkel-en-catamaran","status":"publish","type":"product","link":"https:\/\/morcabotours.com\/en\/product\/tour-de-snorkel-en-catamaran\/","title":{"rendered":"Catamaran Snorkel Tour"},"content":{"rendered":"<h2 class=\"wp-block-heading\" style=\"text-align: left;\"><div data-src=\"https:\/\/cdn.trustindex.io\/loader.js?868d11f242ab6822ff2652511a3\"><\/div><\/h2>\n<ul class=\"wp-block-list\">\n<li>\n<div class=\"section\" tabindex=\"0\" data-v-6e564eaf=\"\" data-v-3bd1aa0a=\"\" data-test-id=\"activity-details-display-section\">\n<div class=\"heading\" data-v-6e564eaf=\"\">\n<div class=\"heading-left\" data-v-6e564eaf=\"\">\n<h1 class=\"wp-block-heading has-text-align-center has-white-color has-text-color\">Tour de snorkel en catamar\u00e1n en Los Cabos<\/h1>\n<\/div>\n<\/div>\n<\/div>\n<div class=\"section\" tabindex=\"0\" data-v-6e564eaf=\"\" data-v-3bd1aa0a=\"\" data-test-id=\"faq-display-section\">\n<div class=\"content\" data-v-6e564eaf=\"\">\n<div class=\"content-builder-markdown-view\" data-v-5ecb7dfc=\"\" data-v-3bd1aa0a=\"\" data-v-6e564eaf-s=\"\">\n<div class=\"section\" tabindex=\"0\" data-v-6e564eaf=\"\" data-v-3bd1aa0a=\"\" data-test-id=\"activity-details-display-section\">\n<div class=\"heading\" data-v-6e564eaf=\"\">\n<div class=\"heading-left\" data-v-6e564eaf=\"\">\n<h1 data-v-6e564eaf=\"\">Detalles de la actividad del Tour de snorkel en catamar\u00e1n<\/h1>\n<\/div>\n<div class=\"chevron-container\" data-v-6e564eaf=\"\">\n<div class=\"chevron expanded\" data-v-6e564eaf=\"\"><\/div>\n<\/div>\n<\/div>\n<div class=\"content\" data-v-6e564eaf=\"\">\n<div class=\"subsection\" data-v-3bd1aa0a=\"\" data-v-6e564eaf-s=\"\" data-test-id=\"activity-details-fields-description-display\">\n<div class=\"content-builder-markdown-view\" data-v-5ecb7dfc=\"\" data-v-3bd1aa0a=\"\" data-v-6e564eaf-s=\"\">\n<p>Explora la belleza submarina de Los Cabos con el Tour de snorkel en catamar\u00e1n. A bordo de un gran catamar\u00e1n, navegaremos por la costa hasta una de las mejores de playa Santa Maria zona de snorkel, donde podr\u00e1s nadar entre coloridos peces tropicales y arrecifes llenos de vida.<br \/>\nDurante el recorrido, disfrutar\u00e1s de vistas panor\u00e1micas del Arco de Los Cabos, la Playa del Amor y otras formaciones rocosas ic\u00f3nicas. Rel\u00e1jate en la cubierta del catamar\u00e1n con m\u00fasica, bebidas y un ambiente inigualable.<\/p>\n<p>\ud83d\udccc Importante: Se requiere saber nadar para participar en la actividad de snorkel.<\/p>\n<\/div>\n<\/div>\n<div class=\"subsection\" data-v-3bd1aa0a=\"\" data-v-6e564eaf-s=\"\" data-test-id=\"activity-details-fields-what-is-included-display\">\n<h2 data-v-3bd1aa0a=\"\" data-v-6e564eaf-s=\"\">Qu\u00e9 est\u00e1 incluido<\/h2>\n<div class=\"content-builder-markdown-view\" data-v-5ecb7dfc=\"\" data-v-3bd1aa0a=\"\" data-v-6e564eaf-s=\"\">\n<p>\u00bfQu\u00e9 incluye el tour?<br \/>\n\u2714 Recorrido en catamar\u00e1n de lujo con amenidades a bordo.<br \/>\n\u2714 Equipo de snorkel (visor, aletas y chaleco salvavidas).<br \/>\n\u2714 Tiempo libre para nadar y hacer snorkel en una de las mejores zonas de Los Cabos.<br \/>\n\u2714 Capit\u00e1n y gu\u00eda certificado que te acompa\u00f1ar\u00e1n en la experiencia.<br \/>\n\u2714 Bebidas y alimentos a bordo.<br \/>\n\u2714 M\u00fasica y ambiente relajado en la embarcaci\u00f3n.<\/p>\n<\/div>\n<\/div>\n<div class=\"subsection\" data-v-3bd1aa0a=\"\" data-v-6e564eaf-s=\"\" data-test-id=\"activity-details-fields-what-is-not-included-display\">\n<h2 data-v-3bd1aa0a=\"\" data-v-6e564eaf-s=\"\">\u00bfQu\u00e9 no est\u00e1 incluido?<\/h2>\n<div class=\"content-builder-markdown-view\" data-v-5ecb7dfc=\"\" data-v-3bd1aa0a=\"\" data-v-6e564eaf-s=\"\">\n<p>\u2718 Propinas.<br \/>\n\u2718 Fotograf\u00edas.<br \/>\n\u2718 Souvenirs.<\/p>\n<\/div>\n<\/div>\n<div class=\"subsection\" data-v-3bd1aa0a=\"\" data-v-6e564eaf-s=\"\" data-test-id=\"activity-details-fields-itinerary-display\">\n<h2 data-v-3bd1aa0a=\"\" data-v-6e564eaf-s=\"\">Itinerario<\/h2>\n<div class=\"content-builder-markdown-view\" data-v-5ecb7dfc=\"\" data-v-3bd1aa0a=\"\" data-v-6e564eaf-s=\"\">\n<p>1\ufe0f\u20e3 Check-in y abordaje: Nos reunimos en la marina de Cabo San Lucas.<br \/>\n2\ufe0f\u20e3 Navegaci\u00f3n y recorrido panor\u00e1mico: Pasamos por el Arco de Los Cabos, Playa del Amor y otras formaciones rocosas.<br \/>\n3\ufe0f\u20e3 Parada en playa Santa Maria en zona de snorkel: Disfruta de aproximadamente 40 minutos de snorkel en aguas cristalinas.<br \/>\n4\ufe0f\u20e3 Tiempo libre a bordo: Rel\u00e1jate en la cubierta con bebidas y m\u00fasica.<br \/>\n5\ufe0f\u20e3 Regreso a la marina: Finalizamos la experiencia y desembarcamos.<\/p>\n<\/div>\n<\/div>\n<div class=\"subsection\" data-v-3bd1aa0a=\"\" data-v-6e564eaf-s=\"\" data-test-id=\"activity-details-fields-highlights-display\">\n<h2 data-v-3bd1aa0a=\"\" data-v-6e564eaf-s=\"\">Puntos fuertes<\/h2>\n<div class=\"content-builder-markdown-view\" data-v-5ecb7dfc=\"\" data-v-3bd1aa0a=\"\" data-v-6e564eaf-s=\"\">\n<p>\u2705 Snorkel en una de las mejores zonas de Los Cabos.<br \/>\n\u2705 Recorrido en un catamar\u00e1n de lujo con todas las comodidades.<br \/>\n\u2705 Vistas espectaculares del Arco y otras formaciones ic\u00f3nicas.\u2028\u2705 Ideal para familias, parejas y amantes del mar.<\/p>\n<\/div>\n<\/div>\n<\/div>\n<\/div>\n<div class=\"section\" tabindex=\"0\" data-v-6e564eaf=\"\" data-v-3bd1aa0a=\"\" data-test-id=\"additional-information-display-section\">\n<div class=\"heading\" data-v-6e564eaf=\"\">\n<div class=\"heading-left\" data-v-6e564eaf=\"\">\n<h1 data-v-6e564eaf=\"\">Informaci\u00f3n adicional del Tour de snorkel en catamar\u00e1n<\/h1>\n<\/div>\n<div class=\"chevron-container\" data-v-6e564eaf=\"\">\n<div class=\"chevron expanded\" data-v-6e564eaf=\"\"><\/div>\n<\/div>\n<\/div>\n<div class=\"content\" data-v-6e564eaf=\"\">\n<div class=\"subsection\" data-v-3bd1aa0a=\"\" data-v-6e564eaf-s=\"\" data-test-id=\"additional-information-fields-check-in-details-display\">\n<h2 data-v-3bd1aa0a=\"\" data-v-6e564eaf-s=\"\">Datos de validaci\u00f3n<\/h2>\n<div class=\"content-builder-markdown-view\" data-v-5ecb7dfc=\"\" data-v-3bd1aa0a=\"\" data-v-6e564eaf-s=\"\">\n<p>\ud83d\udccc No se requiere experiencia previa en snorkel, pero s\u00ed saber nadar.<br \/>\n\ud83d\udcccLegar 30 minutos antes de tu horario.<br \/>\n\ud83d\udccc El chaleco salvavidas es obligatorio durante la actividad en el agua.<br \/>\n\ud83d\udccc Por seguridad, no se permite el uso de drones en el recorrido.<\/p>\n<\/div>\n<\/div>\n<div class=\"subsection\" data-v-3bd1aa0a=\"\" data-v-6e564eaf-s=\"\" data-test-id=\"additional-information-fields-what-to-bring-display\">\n<h2 data-v-3bd1aa0a=\"\" data-v-6e564eaf-s=\"\">Qu\u00e9 hay que llevar<\/h2>\n<div class=\"content-builder-markdown-view\" data-v-5ecb7dfc=\"\" data-v-3bd1aa0a=\"\" data-v-6e564eaf-s=\"\">\n<p>\u2714 Traje de ba\u00f1o y toalla.<br \/>\n\u2714 Bloqueador solar biodegradable.<br \/>\n\u2714 Gafas de sol y gorra.<br \/>\n\u2714 Cambio de ropa seca.<br \/>\n\u2714 Dinero en efectivo para propinas o souvenirs.<\/p>\n<\/div>\n<\/div>\n<div class=\"subsection\" data-v-3bd1aa0a=\"\" data-v-6e564eaf-s=\"\" data-test-id=\"additional-information-fields-special-requirements-display\">\n<h2 data-v-3bd1aa0a=\"\" data-v-6e564eaf-s=\"\">Requisitos especiales<\/h2>\n<div class=\"content-builder-markdown-view\" data-v-5ecb7dfc=\"\" data-v-3bd1aa0a=\"\" data-v-6e564eaf-s=\"\">\n<p>*Los menores tienen que estar acompa\u00f1ados en todo momento.<br \/>\n*Mujeres embarazadas pueden participar.<\/p>\n<\/div>\n<\/div>\n<div class=\"subsection\" data-v-3bd1aa0a=\"\" data-v-6e564eaf-s=\"\" data-test-id=\"additional-information-fields-restrictions-display\">\n<h2 data-v-3bd1aa0a=\"\" data-v-6e564eaf-s=\"\">Restricciones<\/h2>\n<div class=\"content-builder-markdown-view\" data-v-5ecb7dfc=\"\" data-v-3bd1aa0a=\"\" data-v-6e564eaf-s=\"\">\n<p>**No se permiten mascotas.<\/p>\n<\/div>\n<\/div>\n<div class=\"subsection\" data-v-3bd1aa0a=\"\" data-v-6e564eaf-s=\"\" data-test-id=\"additional-information-fields-extras-display\">\n<h2 data-v-3bd1aa0a=\"\" data-v-6e564eaf-s=\"\">Extras<\/h2>\n<div class=\"content-builder-markdown-view\" data-v-5ecb7dfc=\"\" data-v-3bd1aa0a=\"\" data-v-6e564eaf-s=\"\">\n<p>*Fotograf\u00edas profesionales disponibles para compra (no obligatorio).<\/p>\n<\/div>\n<\/div>\n<div class=\"subsection\" data-v-3bd1aa0a=\"\" data-v-6e564eaf-s=\"\" data-test-id=\"additional-information-fields-disclaimers-display\">\n<h2 data-v-3bd1aa0a=\"\" data-v-6e564eaf-s=\"\">Descargos de responsabilidad<\/h2>\n<div class=\"content-builder-markdown-view\" data-v-5ecb7dfc=\"\" data-v-3bd1aa0a=\"\" data-v-6e564eaf-s=\"\">\n<p>Descargo de Responsabilidad<br \/>\nMorcabo Tours act\u00faa \u00fanicamente como intermediario en la organizaci\u00f3n del tour, por lo que no se hace responsable por:<\/p>\n<ul>\n<li>Cambios en el itinerario debido a condiciones clim\u00e1ticas.<\/li>\n<li>Objetos perdidos u olvidados a bordo.<\/li>\n<li>Accidentes durante la actividad de snorkel.<\/li>\n<li>Llegadas tard\u00edas: Si el cliente no llega a tiempo, perder\u00e1 su reserva sin derecho a reembolso ni reprogramaci\u00f3n.<br \/>\nAl reservar, el cliente acepta estas condiciones y exonera a Morcabo Tours de cualquier responsabilidad.<\/li>\n<\/ul>\n<\/div>\n<\/div>\n<\/div>\n<\/div>\n<div class=\"section\" tabindex=\"0\" data-v-6e564eaf=\"\" data-v-3bd1aa0a=\"\" data-test-id=\"faq-display-section\">\n<div class=\"heading\" data-v-6e564eaf=\"\">\n<div class=\"heading-left\" data-v-6e564eaf=\"\">\n<h1 data-v-6e564eaf=\"\">Preguntas frecuentes para el Tour de snorkel en catamar\u00e1n<\/h1>\n<\/div>\n<div class=\"chevron-container\" data-v-6e564eaf=\"\">\n<div class=\"chevron expanded\" data-v-6e564eaf=\"\"><\/div>\n<\/div>\n<\/div>\n<div class=\"content\" data-v-6e564eaf=\"\">\n<div class=\"content-builder-markdown-view\" data-v-5ecb7dfc=\"\" data-v-3bd1aa0a=\"\" data-v-6e564eaf-s=\"\">\n<p>3\ufe0f\u20e3 \u00bfEs apto para ni\u00f1os?<br \/>\nS\u00ed, pero la edad m\u00ednima recomendada es 6 a\u00f1os y deben estar acompa\u00f1ados por un adulto.<\/p>\n<p>4\ufe0f\u20e3 \u00bfQu\u00e9 pasa si el clima no permite la actividad?<br \/>\nSi el tour se cancela por condiciones clim\u00e1ticas adversas, podr\u00e1s reprogramarlo o solicitar un reembolso completo.<\/p>\n<p>5\ufe0f\u20e3 \u00bfPuedo llevar alimentos o bebidas?<br \/>\nNo, ya que a bordo se ofrecen snacks y bebidas incluidas en el tour.<\/p>\n<\/div>\n<\/div>\n<\/div>\n<\/div>\n<\/div>\n<\/div>\n<\/li>\n<\/ul>","protected":false},"excerpt":{"rendered":"<p style=\"text-align: left;\">\n<div data-src=\"https:\/\/cdn.trustindex.io\/loader.js?868d11f242ab6822ff2652511a3\"><\/div>\n<\/p>\n<p>\u00bfQu\u00e9 incluye el tour?<br \/>\n\u2714 Recorrido en catamar\u00e1n de lujo con amenidades a bordo.<br \/>\n\u2714 Equipo de snorkel (visor, aletas y chaleco salvavidas).<br \/>\n\u2714 Tiempo libre para nadar y hacer snorkel en una de las mejores zonas de Los Cabos.<br \/>\n\u2714 Capit\u00e1n y gu\u00eda certificado que te acompa\u00f1ar\u00e1n en la experiencia.<br \/>\n\u2714 Bebidas y alimentos a bordo.<br \/>\n\u2714 M\u00fasica y ambiente relajado en la embarcaci\u00f3n.<\/p>","protected":false},"featured_media":1432,"template":"","meta":{"_uag_custom_page_level_css":"","WB4WB4WP_MODE":"","WB4WP_PAGE_SCRIPTS":"","WB4WP_PAGE_STYLES":"","WB4WP_PAGE_FONTS":"","WB4WP_PAGE_HEADER":"","WB4WP_PAGE_FOOTER":"","_themeisle_gutenberg_block_has_review":false,"jetpack_post_was_ever_published":false,"_joinchat":{"telephone":"+526241001203","message_text":"Asesoria gratis"}},"product_brand":[],"product_cat":[45],"product_tag":[],"class_list":{"0":"post-3125","1":"product","2":"type-product","3":"status-publish","4":"has-post-thumbnail","6":"product_cat-visita-el-arco-de-cabo-san-lucas","8":"first","9":"instock","10":"shipping-taxable","11":"product-type-external"},"yoast_head":"<!-- This site is optimized with the Yoast SEO plugin v27.4 - https:\/\/yoast.com\/product\/yoast-seo-wordpress\/ -->\n<title>Tour de snorkel en catamar\u00e1n - Los Cabos<\/title>\n<meta name=\"description\" content=\"Tour de snorkel en catamar\u00e1n es una de las experiencias m\u00e1s populares entre quienes visitan este destino. Visita la playa del amor o alguna otra play\" \/>\n<meta name=\"robots\" content=\"index, follow, max-snippet:-1, max-image-preview:large, max-video-preview:-1\" \/>\n<link rel=\"canonical\" href=\"https:\/\/morcabotours.com\/en\/product\/tour-de-snorkel-en-catamaran\/\" \/>\n<meta property=\"og:locale\" content=\"en_US\" \/>\n<meta property=\"og:type\" content=\"article\" \/>\n<meta property=\"og:title\" content=\"Tour de snorkel en catamar\u00e1n - Los Cabos\" \/>\n<meta property=\"og:description\" content=\"Tour de snorkel en catamar\u00e1n es una de las experiencias m\u00e1s populares entre quienes visitan este destino. Visita la playa del amor o alguna otra play\" \/>\n<meta property=\"og:url\" content=\"https:\/\/morcabotours.com\/en\/product\/tour-de-snorkel-en-catamaran\/\" \/>\n<meta property=\"og:site_name\" content=\"Morcabo Tours\" \/>\n<meta property=\"article:publisher\" content=\"https:\/\/www.facebook.com\/Morcabo\/\" \/>\n<meta property=\"article:modified_time\" content=\"2025-12-05T21:06:46+00:00\" \/>\n<meta property=\"og:image\" content=\"https:\/\/morcabotours.com\/wp-content\/uploads\/2022\/10\/277252014_553554335991624_3440699219282357987_n.jpg\" \/>\n\t<meta property=\"og:image:width\" content=\"631\" \/>\n\t<meta property=\"og:image:height\" content=\"631\" \/>\n\t<meta property=\"og:image:type\" content=\"image\/jpeg\" \/>\n<meta name=\"twitter:card\" content=\"summary_large_image\" \/>\n<meta name=\"twitter:label1\" content=\"Est. reading time\" \/>\n\t<meta name=\"twitter:data1\" content=\"3 minutes\" \/>\n<script type=\"application\/ld+json\" class=\"yoast-schema-graph\">{\"@context\":\"https:\\\/\\\/schema.org\",\"@graph\":[{\"@type\":\"WebPage\",\"@id\":\"https:\\\/\\\/morcabotours.com\\\/producto\\\/tour-de-snorkel-en-catamaran\\\/\",\"url\":\"https:\\\/\\\/morcabotours.com\\\/producto\\\/tour-de-snorkel-en-catamaran\\\/\",\"name\":\"Tour de snorkel en catamar\u00e1n - Los Cabos\",\"isPartOf\":{\"@id\":\"https:\\\/\\\/morcabotours.com\\\/#website\"},\"primaryImageOfPage\":{\"@id\":\"https:\\\/\\\/morcabotours.com\\\/producto\\\/tour-de-snorkel-en-catamaran\\\/#primaryimage\"},\"image\":{\"@id\":\"https:\\\/\\\/morcabotours.com\\\/producto\\\/tour-de-snorkel-en-catamaran\\\/#primaryimage\"},\"thumbnailUrl\":\"https:\\\/\\\/i0.wp.com\\\/morcabotours.com\\\/wp-content\\\/uploads\\\/2022\\\/10\\\/277252014_553554335991624_3440699219282357987_n.jpg?fit=631%2C631&ssl=1\",\"datePublished\":\"2025-05-27T23:52:18+00:00\",\"dateModified\":\"2025-12-05T21:06:46+00:00\",\"description\":\"Tour de snorkel en catamar\u00e1n es una de las experiencias m\u00e1s populares entre quienes visitan este destino. Visita la playa del amor o alguna otra play\",\"breadcrumb\":{\"@id\":\"https:\\\/\\\/morcabotours.com\\\/producto\\\/tour-de-snorkel-en-catamaran\\\/#breadcrumb\"},\"inLanguage\":\"en-US\",\"potentialAction\":[{\"@type\":\"ReadAction\",\"target\":[\"https:\\\/\\\/morcabotours.com\\\/producto\\\/tour-de-snorkel-en-catamaran\\\/\"]}]},{\"@type\":\"ImageObject\",\"inLanguage\":\"en-US\",\"@id\":\"https:\\\/\\\/morcabotours.com\\\/producto\\\/tour-de-snorkel-en-catamaran\\\/#primaryimage\",\"url\":\"https:\\\/\\\/i0.wp.com\\\/morcabotours.com\\\/wp-content\\\/uploads\\\/2022\\\/10\\\/277252014_553554335991624_3440699219282357987_n.jpg?fit=631%2C631&ssl=1\",\"contentUrl\":\"https:\\\/\\\/i0.wp.com\\\/morcabotours.com\\\/wp-content\\\/uploads\\\/2022\\\/10\\\/277252014_553554335991624_3440699219282357987_n.jpg?fit=631%2C631&ssl=1\",\"width\":631,\"height\":631,\"caption\":\"Tour de snorkel en catamar\u00e1n\"},{\"@type\":\"BreadcrumbList\",\"@id\":\"https:\\\/\\\/morcabotours.com\\\/producto\\\/tour-de-snorkel-en-catamaran\\\/#breadcrumb\",\"itemListElement\":[{\"@type\":\"ListItem\",\"position\":1,\"name\":\"Home\",\"item\":\"https:\\\/\\\/morcabotours.com\\\/\"},{\"@type\":\"ListItem\",\"position\":2,\"name\":\"Tours en Los Cabos\",\"item\":\"https:\\\/\\\/morcabotours.com\\\/reservar-tours-en-los-cabos\\\/\"},{\"@type\":\"ListItem\",\"position\":3,\"name\":\"Tour de snorkel en catamar\u00e1n\"}]},{\"@type\":\"WebSite\",\"@id\":\"https:\\\/\\\/morcabotours.com\\\/#website\",\"url\":\"https:\\\/\\\/morcabotours.com\\\/\",\"name\":\"Morcabo Tours\",\"description\":\"Los Mejores Tours en Los Cabos.\",\"publisher\":{\"@id\":\"https:\\\/\\\/morcabotours.com\\\/#organization\"},\"potentialAction\":[{\"@type\":\"SearchAction\",\"target\":{\"@type\":\"EntryPoint\",\"urlTemplate\":\"https:\\\/\\\/morcabotours.com\\\/?s={search_term_string}\"},\"query-input\":{\"@type\":\"PropertyValueSpecification\",\"valueRequired\":true,\"valueName\":\"search_term_string\"}}],\"inLanguage\":\"en-US\"},{\"@type\":\"Organization\",\"@id\":\"https:\\\/\\\/morcabotours.com\\\/#organization\",\"name\":\"Morcabo tours Que hacer en Los Cabos.\",\"url\":\"https:\\\/\\\/morcabotours.com\\\/\",\"logo\":{\"@type\":\"ImageObject\",\"inLanguage\":\"en-US\",\"@id\":\"https:\\\/\\\/morcabotours.com\\\/#\\\/schema\\\/logo\\\/image\\\/\",\"url\":\"https:\\\/\\\/i0.wp.com\\\/morcabotours.com\\\/wp-content\\\/uploads\\\/2026\\\/03\\\/MORCABO-LOGO-HORIZONTAL.png?fit=1000%2C500&ssl=1\",\"contentUrl\":\"https:\\\/\\\/i0.wp.com\\\/morcabotours.com\\\/wp-content\\\/uploads\\\/2026\\\/03\\\/MORCABO-LOGO-HORIZONTAL.png?fit=1000%2C500&ssl=1\",\"width\":1000,\"height\":500,\"caption\":\"Morcabo tours Que hacer en Los Cabos.\"},\"image\":{\"@id\":\"https:\\\/\\\/morcabotours.com\\\/#\\\/schema\\\/logo\\\/image\\\/\"},\"sameAs\":[\"https:\\\/\\\/www.facebook.com\\\/Morcabo\\\/\",\"https:\\\/\\\/www.instagram.com\\\/morcabotoursenloscabos\\\/\",\"https:\\\/\\\/www.tiktok.com\\\/@morcabotours\"]}]}<\/script>\n<!-- \/ Yoast SEO plugin. -->","yoast_head_json":{"title":"Tour de snorkel en catamar\u00e1n - Los Cabos","description":"Tour de snorkel en catamar\u00e1n es una de las experiencias m\u00e1s populares entre quienes visitan este destino. Visita la playa del amor o alguna otra play","robots":{"index":"index","follow":"follow","max-snippet":"max-snippet:-1","max-image-preview":"max-image-preview:large","max-video-preview":"max-video-preview:-1"},"canonical":"https:\/\/morcabotours.com\/en\/product\/tour-de-snorkel-en-catamaran\/","og_locale":"en_US","og_type":"article","og_title":"Tour de snorkel en catamar\u00e1n - Los Cabos","og_description":"Tour de snorkel en catamar\u00e1n es una de las experiencias m\u00e1s populares entre quienes visitan este destino. Visita la playa del amor o alguna otra play","og_url":"https:\/\/morcabotours.com\/en\/product\/tour-de-snorkel-en-catamaran\/","og_site_name":"Morcabo Tours","article_publisher":"https:\/\/www.facebook.com\/Morcabo\/","article_modified_time":"2025-12-05T21:06:46+00:00","og_image":[{"width":631,"height":631,"url":"https:\/\/morcabotours.com\/wp-content\/uploads\/2022\/10\/277252014_553554335991624_3440699219282357987_n.jpg","type":"image\/jpeg"}],"twitter_card":"summary_large_image","twitter_misc":{"Est. reading time":"3 minutes"},"schema":{"@context":"https:\/\/schema.org","@graph":[{"@type":"WebPage","@id":"https:\/\/morcabotours.com\/producto\/tour-de-snorkel-en-catamaran\/","url":"https:\/\/morcabotours.com\/producto\/tour-de-snorkel-en-catamaran\/","name":"Tour de snorkel en catamar\u00e1n - Los Cabos","isPartOf":{"@id":"https:\/\/morcabotours.com\/#website"},"primaryImageOfPage":{"@id":"https:\/\/morcabotours.com\/producto\/tour-de-snorkel-en-catamaran\/#primaryimage"},"image":{"@id":"https:\/\/morcabotours.com\/producto\/tour-de-snorkel-en-catamaran\/#primaryimage"},"thumbnailUrl":"https:\/\/i0.wp.com\/morcabotours.com\/wp-content\/uploads\/2022\/10\/277252014_553554335991624_3440699219282357987_n.jpg?fit=631%2C631&ssl=1","datePublished":"2025-05-27T23:52:18+00:00","dateModified":"2025-12-05T21:06:46+00:00","description":"Tour de snorkel en catamar\u00e1n es una de las experiencias m\u00e1s populares entre quienes visitan este destino. Visita la playa del amor o alguna otra play","breadcrumb":{"@id":"https:\/\/morcabotours.com\/producto\/tour-de-snorkel-en-catamaran\/#breadcrumb"},"inLanguage":"en-US","potentialAction":[{"@type":"ReadAction","target":["https:\/\/morcabotours.com\/producto\/tour-de-snorkel-en-catamaran\/"]}]},{"@type":"ImageObject","inLanguage":"en-US","@id":"https:\/\/morcabotours.com\/producto\/tour-de-snorkel-en-catamaran\/#primaryimage","url":"https:\/\/i0.wp.com\/morcabotours.com\/wp-content\/uploads\/2022\/10\/277252014_553554335991624_3440699219282357987_n.jpg?fit=631%2C631&ssl=1","contentUrl":"https:\/\/i0.wp.com\/morcabotours.com\/wp-content\/uploads\/2022\/10\/277252014_553554335991624_3440699219282357987_n.jpg?fit=631%2C631&ssl=1","width":631,"height":631,"caption":"Tour de snorkel en catamar\u00e1n"},{"@type":"BreadcrumbList","@id":"https:\/\/morcabotours.com\/producto\/tour-de-snorkel-en-catamaran\/#breadcrumb","itemListElement":[{"@type":"ListItem","position":1,"name":"Home","item":"https:\/\/morcabotours.com\/"},{"@type":"ListItem","position":2,"name":"Tours en Los Cabos","item":"https:\/\/morcabotours.com\/reservar-tours-en-los-cabos\/"},{"@type":"ListItem","position":3,"name":"Tour de snorkel en catamar\u00e1n"}]},{"@type":"WebSite","@id":"https:\/\/morcabotours.com\/#website","url":"https:\/\/morcabotours.com\/","name":"Morcabo Tours","description":"Best things To Do in Cabo","publisher":{"@id":"https:\/\/morcabotours.com\/#organization"},"potentialAction":[{"@type":"SearchAction","target":{"@type":"EntryPoint","urlTemplate":"https:\/\/morcabotours.com\/?s={search_term_string}"},"query-input":{"@type":"PropertyValueSpecification","valueRequired":true,"valueName":"search_term_string"}}],"inLanguage":"en-US"},{"@type":"Organization","@id":"https:\/\/morcabotours.com\/#organization","name":"Morcabo tours Que hacer en Los Cabos.","url":"https:\/\/morcabotours.com\/","logo":{"@type":"ImageObject","inLanguage":"en-US","@id":"https:\/\/morcabotours.com\/#\/schema\/logo\/image\/","url":"https:\/\/i0.wp.com\/morcabotours.com\/wp-content\/uploads\/2026\/03\/MORCABO-LOGO-HORIZONTAL.png?fit=1000%2C500&ssl=1","contentUrl":"https:\/\/i0.wp.com\/morcabotours.com\/wp-content\/uploads\/2026\/03\/MORCABO-LOGO-HORIZONTAL.png?fit=1000%2C500&ssl=1","width":1000,"height":500,"caption":"Morcabo tours Que hacer en Los Cabos."},"image":{"@id":"https:\/\/morcabotours.com\/#\/schema\/logo\/image\/"},"sameAs":["https:\/\/www.facebook.com\/Morcabo\/","https:\/\/www.instagram.com\/morcabotoursenloscabos\/","https:\/\/www.tiktok.com\/@morcabotours"]}]}},"uagb_featured_image_src":{"full":["https:\/\/i0.wp.com\/morcabotours.com\/wp-content\/uploads\/2022\/10\/277252014_553554335991624_3440699219282357987_n.jpg?fit=631%2C631&ssl=1",631,631,false],"thumbnail":["https:\/\/i0.wp.com\/morcabotours.com\/wp-content\/uploads\/2022\/10\/277252014_553554335991624_3440699219282357987_n.jpg?resize=150%2C150&ssl=1",150,150,true],"medium":["https:\/\/i0.wp.com\/morcabotours.com\/wp-content\/uploads\/2022\/10\/277252014_553554335991624_3440699219282357987_n.jpg?fit=300%2C300&ssl=1",300,300,true],"medium_large":["https:\/\/i0.wp.com\/morcabotours.com\/wp-content\/uploads\/2022\/10\/277252014_553554335991624_3440699219282357987_n.jpg?fit=631%2C631&ssl=1",631,631,true],"large":["https:\/\/i0.wp.com\/morcabotours.com\/wp-content\/uploads\/2022\/10\/277252014_553554335991624_3440699219282357987_n.jpg?fit=631%2C631&ssl=1",631,631,true],"1536x1536":["https:\/\/i0.wp.com\/morcabotours.com\/wp-content\/uploads\/2022\/10\/277252014_553554335991624_3440699219282357987_n.jpg?fit=631%2C631&ssl=1",631,631,true],"2048x2048":["https:\/\/i0.wp.com\/morcabotours.com\/wp-content\/uploads\/2022\/10\/277252014_553554335991624_3440699219282357987_n.jpg?fit=631%2C631&ssl=1",631,631,true],"trp-custom-language-flag":["https:\/\/i0.wp.com\/morcabotours.com\/wp-content\/uploads\/2022\/10\/277252014_553554335991624_3440699219282357987_n.jpg?fit=12%2C12&ssl=1",12,12,true],"woocommerce_archive_thumbnail":["https:\/\/i0.wp.com\/morcabotours.com\/wp-content\/uploads\/2022\/10\/277252014_553554335991624_3440699219282357987_n.jpg?resize=300%2C300&ssl=1",300,300,true],"woocommerce_thumbnail":["https:\/\/i0.wp.com\/morcabotours.com\/wp-content\/uploads\/2022\/10\/277252014_553554335991624_3440699219282357987_n.jpg?resize=300%2C300&ssl=1",300,300,true],"woocommerce_single":["https:\/\/i0.wp.com\/morcabotours.com\/wp-content\/uploads\/2022\/10\/277252014_553554335991624_3440699219282357987_n.jpg?fit=600%2C600&ssl=1",600,600,true],"woocommerce_gallery_thumbnail":["https:\/\/i0.wp.com\/morcabotours.com\/wp-content\/uploads\/2022\/10\/277252014_553554335991624_3440699219282357987_n.jpg?resize=100%2C100&ssl=1",100,100,true]},"uagb_author_info":{"display_name":"Daniel Campos","author_link":"https:\/\/morcabotours.com\/en\/author\/"},"uagb_comment_info":0,"uagb_excerpt":"[trustindex data-widget-id=\"[trustindex data-widget-id=868d11f242ab6822ff2652511a3] \u00bfQu\u00e9 incluye el tour? \u2714 Recorrido en catamar\u00e1n de lujo con amenidades a bordo. \u2714 Equipo de snorkel (visor, aletas y chaleco salvavidas). \u2714 Tiempo libre para nadar y hacer snorkel en una de las mejores zonas de Los Cabos. \u2714 Capit\u00e1n y gu\u00eda certificado que te acompa\u00f1ar\u00e1n en la experiencia. \u2714&hellip;","jetpack_sharing_enabled":true,"_links":{"self":[{"href":"https:\/\/morcabotours.com\/en\/wp-json\/wp\/v2\/product\/3125","targetHints":{"allow":["GET"]}}],"collection":[{"href":"https:\/\/morcabotours.com\/en\/wp-json\/wp\/v2\/product"}],"about":[{"href":"https:\/\/morcabotours.com\/en\/wp-json\/wp\/v2\/types\/product"}],"wp:featuredmedia":[{"embeddable":true,"href":"https:\/\/morcabotours.com\/en\/wp-json\/wp\/v2\/media\/1432"}],"wp:attachment":[{"href":"https:\/\/morcabotours.com\/en\/wp-json\/wp\/v2\/media?parent=3125"}],"wp:term":[{"taxonomy":"product_brand","embeddable":true,"href":"https:\/\/morcabotours.com\/en\/wp-json\/wp\/v2\/product_brand?post=3125"},{"taxonomy":"product_cat","embeddable":true,"href":"https:\/\/morcabotours.com\/en\/wp-json\/wp\/v2\/product_cat?post=3125"},{"taxonomy":"product_tag","embeddable":true,"href":"https:\/\/morcabotours.com\/en\/wp-json\/wp\/v2\/product_tag?post=3125"}],"curies":[{"name":"wp","href":"https:\/\/api.w.org\/{rel}","templated":true}]}}