{"id":3118,"date":"2025-05-21T22:52:02","date_gmt":"2025-05-22T05:52:02","guid":{"rendered":"https:\/\/morcabotours.com\/?post_type=product&#038;p=3118"},"modified":"2025-12-05T14:05:58","modified_gmt":"2025-12-05T21:05:58","slug":"puesta-de-sol-en-caborey","status":"publish","type":"product","link":"https:\/\/morcabotours.com\/en\/product\/puesta-de-sol-en-caborey\/","title":{"rendered":"Sunset Tour in Caborey, Los Cabos"},"content":{"rendered":"<h2 class=\"wp-block-heading\" style=\"text-align: left;\"><div data-src=\"https:\/\/cdn.trustindex.io\/loader.js?868d11f242ab6822ff2652511a3\"><\/div><\/h2>\n<ul class=\"wp-block-list\">\n<li>\n<div class=\"section\" tabindex=\"0\" data-v-6e564eaf=\"\" data-v-3bd1aa0a=\"\" data-test-id=\"activity-details-display-section\">\n<div class=\"heading\" data-v-6e564eaf=\"\">\n<div class=\"heading-left\" data-v-6e564eaf=\"\">\n<div class=\"hero-section is-width-constrained\" data-type=\"type-1\">\n<header class=\"entry-header\">\n<h1 class=\"page-title\" title=\"Sunset Tour in Caborey, Los Cabos\">Sunset Tour in Caborey, Los Cabos<\/h1>\n<\/header>\n<\/div>\n<div class=\"entry-content is-layout-constrained\">\n<div class=\"wp-block-group alignfull is-layout-constrained wp-block-group-is-layout-constrained\"><\/div>\n<\/div>\n<\/div>\n<\/div>\n<\/div>\n<div class=\"section\" tabindex=\"0\" data-v-6e564eaf=\"\" data-v-3bd1aa0a=\"\" data-test-id=\"faq-display-section\">\n<div class=\"content\" data-v-6e564eaf=\"\">\n<div class=\"content-builder-markdown-view\" data-v-5ecb7dfc=\"\" data-v-3bd1aa0a=\"\" data-v-6e564eaf-s=\"\">\n<div class=\"section\" tabindex=\"0\" data-v-6e564eaf=\"\" data-v-3bd1aa0a=\"\" data-test-id=\"activity-details-display-section\">\n<div class=\"heading\" data-v-6e564eaf=\"\">\n<div class=\"heading-left\" data-v-6e564eaf=\"\">\n<h1 data-v-6e564eaf=\"\">Detalles de la actividad<\/h1>\n<\/div>\n<div class=\"chevron-container\" data-v-6e564eaf=\"\">\n<div class=\"chevron expanded\" data-v-6e564eaf=\"\"><\/div>\n<\/div>\n<\/div>\n<div class=\"content\" data-v-6e564eaf=\"\">\n<div class=\"subsection\" data-v-3bd1aa0a=\"\" data-v-6e564eaf-s=\"\" data-test-id=\"activity-details-fields-description-display\">\n<div class=\"content-builder-markdown-view\" data-v-5ecb7dfc=\"\" data-v-3bd1aa0a=\"\" data-v-6e564eaf-s=\"\">\n<p>Disfruta de una experiencia de primer nivel a bordo del lujoso Tour de la puesta de sol en Caborey, el barco m\u00e1s exclusivo de Los Cabos. Vive una m\u00e1gica puesta de sol mientras navegas por la bah\u00eda con deliciosa cena, barra libre internacional y una banda en vivo.<br \/>\nAdmira el famoso Arco de Los Cabos, la Playa del Amor y el Fin de la Tierra mientras el cielo se ti\u00f1e de colores impresionantes al caer la tarde. Un tour ideal para parejas, familias y grupos que buscan una experiencia sofisticada y relajada en el mar.<\/p>\n<p>\ud83d\udccc Importante: Se requiere reservaci\u00f3n previa debido a la alta demanda del tour.<\/p>\n<p>\ud83c\udf05 \u00a1Vive una puesta de sol de ensue\u00f1o con cena y show en el lujoso Caborey! Reserva ahora. \ud83d\udea2\ud83c\udf77<\/p>\n<\/div>\n<\/div>\n<div class=\"subsection\" data-v-3bd1aa0a=\"\" data-v-6e564eaf-s=\"\" data-test-id=\"activity-details-fields-what-is-included-display\">\n<h2 data-v-3bd1aa0a=\"\" data-v-6e564eaf-s=\"\">Qu\u00e9 est\u00e1 incluido<\/h2>\n<div class=\"content-builder-markdown-view\" data-v-5ecb7dfc=\"\" data-v-3bd1aa0a=\"\" data-v-6e564eaf-s=\"\">\n<p>\u2714 Crucero de lujo por la bah\u00eda de Cabo San Lucas.<br \/>\n\u2714 Cena de fajitas con sus guarniciones.<br \/>\n\u2714 Barra libre Nacional.<br \/>\n\u2714M\u00fasica en vivo.<br \/>\n\u2714 Vistas privilegiadas de la puesta de sol y paisajes ic\u00f3nicos.<\/p>\n<\/div>\n<\/div>\n<div class=\"subsection\" data-v-3bd1aa0a=\"\" data-v-6e564eaf-s=\"\" data-test-id=\"activity-details-fields-what-is-not-included-display\">\n<h2 data-v-3bd1aa0a=\"\" data-v-6e564eaf-s=\"\">\u00bfQu\u00e9 no est\u00e1 incluido?<\/h2>\n<div class=\"content-builder-markdown-view\" data-v-5ecb7dfc=\"\" data-v-3bd1aa0a=\"\" data-v-6e564eaf-s=\"\">\n<p>\u2718 Propinas.<br \/>\n\u2718 Fotograf\u00edas profesionales<br \/>\n.\u2028\u2718 Souvenirs.<\/p>\n<\/div>\n<\/div>\n<div class=\"subsection\" data-v-3bd1aa0a=\"\" data-v-6e564eaf-s=\"\" data-test-id=\"activity-details-fields-itinerary-display\">\n<h2 data-v-3bd1aa0a=\"\" data-v-6e564eaf-s=\"\">Itinerario<\/h2>\n<div class=\"content-builder-markdown-view\" data-v-5ecb7dfc=\"\" data-v-3bd1aa0a=\"\" data-v-6e564eaf-s=\"\">\n<p>1\ufe0f\u20e3 Check-in y abordaje: Recibimiento en la marina con acceso al barco.<br \/>\n2\ufe0f\u20e3 Navegaci\u00f3n panor\u00e1mica: Recorrido por el Arco, Playa del Amor y Fin de la Tierra.<br \/>\n3\ufe0f\u20e3 Cena y barra libre: Disfruta de una exquisita cena con bebidas incluidas.<br \/>\n4\ufe0f\u20e3Musica en vivo abordo.<br \/>\n5\ufe0f\u20e3 Regreso a la marina: Rel\u00e1jate mientras navegamos de regreso con las \u00faltimas luces del atardecer.<\/p>\n<p>\ud83d\udccc El itinerario puede variar dependiendo de las condiciones del mar.<\/p>\n<\/div>\n<\/div>\n<div class=\"subsection\" data-v-3bd1aa0a=\"\" data-v-6e564eaf-s=\"\" data-test-id=\"activity-details-fields-highlights-display\">\n<h2 data-v-3bd1aa0a=\"\" data-v-6e564eaf-s=\"\">Puntos fuertes<\/h2>\n<div class=\"content-builder-markdown-view\" data-v-5ecb7dfc=\"\" data-v-3bd1aa0a=\"\" data-v-6e564eaf-s=\"\">\n<p>\u2705 Experiencia de lujo en el barco m\u00e1s exclusivo de Los Cabos.<\/p>\n<p>\u2705 Cena deliciosas.<br \/>\n\u2705 Barra libre.<br \/>\n\u2705Banda de Musica en vivo para una velada inolvidable.<br \/>\n\u2705 Vistas panor\u00e1micas del atardecer en el oc\u00e9ano Pac\u00edfico.<\/p>\n<\/div>\n<\/div>\n<\/div>\n<\/div>\n<div class=\"section\" tabindex=\"0\" data-v-6e564eaf=\"\" data-v-3bd1aa0a=\"\" data-test-id=\"additional-information-display-section\">\n<div class=\"heading\" data-v-6e564eaf=\"\">\n<div class=\"heading-left\" data-v-6e564eaf=\"\">\n<h1 data-v-6e564eaf=\"\">Informaci\u00f3n adicional<\/h1>\n<\/div>\n<div class=\"chevron-container\" data-v-6e564eaf=\"\">\n<div class=\"chevron expanded\" data-v-6e564eaf=\"\"><\/div>\n<\/div>\n<\/div>\n<div class=\"content\" data-v-6e564eaf=\"\">\n<div class=\"subsection\" data-v-3bd1aa0a=\"\" data-v-6e564eaf-s=\"\" data-test-id=\"additional-information-fields-check-in-details-display\">\n<h2 data-v-3bd1aa0a=\"\" data-v-6e564eaf-s=\"\">Datos de validaci\u00f3n<\/h2>\n<div class=\"content-builder-markdown-view\" data-v-5ecb7dfc=\"\" data-v-3bd1aa0a=\"\" data-v-6e564eaf-s=\"\">\n<p>\ud83d\udccc No se requiere experiencia previa en snorkel, pero s\u00ed saber nadar.<br \/>\n\ud83d\udcccLegar 30 minutos antes de tu horario.<br \/>\n\ud83d\udccc El chaleco salvavidas es obligatorio durante la actividad en el agua.<br \/>\n\ud83d\udccc Por seguridad, no se permite el uso de drones en el recorrido.<\/p>\n<\/div>\n<\/div>\n<div class=\"subsection\" data-v-3bd1aa0a=\"\" data-v-6e564eaf-s=\"\" data-test-id=\"additional-information-fields-what-to-bring-display\">\n<h2 data-v-3bd1aa0a=\"\" data-v-6e564eaf-s=\"\">Qu\u00e9 hay que llevar<\/h2>\n<div class=\"content-builder-markdown-view\" data-v-5ecb7dfc=\"\" data-v-3bd1aa0a=\"\" data-v-6e564eaf-s=\"\">\n<p>\u2714 Traje de ba\u00f1o y toalla.<br \/>\n\u2714 Bloqueador solar biodegradable.<br \/>\n\u2714 Gafas de sol y gorra.<br \/>\n\u2714 Cambio de ropa seca.<br \/>\n\u2714 Dinero en efectivo para propinas o souvenirs.<\/p>\n<\/div>\n<\/div>\n<div class=\"subsection\" data-v-3bd1aa0a=\"\" data-v-6e564eaf-s=\"\" data-test-id=\"additional-information-fields-special-requirements-display\">\n<h2 data-v-3bd1aa0a=\"\" data-v-6e564eaf-s=\"\">Requisitos especiales<\/h2>\n<div class=\"content-builder-markdown-view\" data-v-5ecb7dfc=\"\" data-v-3bd1aa0a=\"\" data-v-6e564eaf-s=\"\">\n<p>*Los menores tienen que estar acompa\u00f1ados en todo momento.<br \/>\n*Mujeres embarazadas pueden participar.<\/p>\n<\/div>\n<\/div>\n<div class=\"subsection\" data-v-3bd1aa0a=\"\" data-v-6e564eaf-s=\"\" data-test-id=\"additional-information-fields-restrictions-display\">\n<h2 data-v-3bd1aa0a=\"\" data-v-6e564eaf-s=\"\">Restricciones<\/h2>\n<div class=\"content-builder-markdown-view\" data-v-5ecb7dfc=\"\" data-v-3bd1aa0a=\"\" data-v-6e564eaf-s=\"\">\n<p>**No se permiten mascotas.<\/p>\n<\/div>\n<\/div>\n<div class=\"subsection\" data-v-3bd1aa0a=\"\" data-v-6e564eaf-s=\"\" data-test-id=\"additional-information-fields-extras-display\">\n<h2 data-v-3bd1aa0a=\"\" data-v-6e564eaf-s=\"\">Extras<\/h2>\n<div class=\"content-builder-markdown-view\" data-v-5ecb7dfc=\"\" data-v-3bd1aa0a=\"\" data-v-6e564eaf-s=\"\">\n<p>*Fotograf\u00edas profesionales disponibles para compra (no obligatorio).<\/p>\n<\/div>\n<\/div>\n<div class=\"subsection\" data-v-3bd1aa0a=\"\" data-v-6e564eaf-s=\"\" data-test-id=\"additional-information-fields-disclaimers-display\">\n<h2 data-v-3bd1aa0a=\"\" data-v-6e564eaf-s=\"\">Descargos de responsabilidad<\/h2>\n<div class=\"content-builder-markdown-view\" data-v-5ecb7dfc=\"\" data-v-3bd1aa0a=\"\" data-v-6e564eaf-s=\"\">\n<p>Descargo de Responsabilidad<br \/>\nMorcabo Tours act\u00faa \u00fanicamente como intermediario en la organizaci\u00f3n del tour, por lo que no se hace responsable por:<\/p>\n<ul>\n<li>Cambios en el itinerario debido a condiciones clim\u00e1ticas.<\/li>\n<li>Objetos perdidos u olvidados a bordo.<\/li>\n<li>Accidentes durante la actividad de snorkel.<\/li>\n<li>Llegadas tard\u00edas: Si el cliente no llega a tiempo, perder\u00e1 su reserva sin derecho a reembolso ni reprogramaci\u00f3n.<br \/>\nAl reservar, el cliente acepta estas condiciones y exonera a Morcabo Tours de cualquier responsabilidad.<\/li>\n<\/ul>\n<\/div>\n<\/div>\n<\/div>\n<\/div>\n<div class=\"section\" tabindex=\"0\" data-v-6e564eaf=\"\" data-v-3bd1aa0a=\"\" data-test-id=\"faq-display-section\">\n<div class=\"heading\" data-v-6e564eaf=\"\">\n<div class=\"heading-left\" data-v-6e564eaf=\"\">\n<h1 data-v-6e564eaf=\"\">Preguntas frecuentes<\/h1>\n<\/div>\n<div class=\"chevron-container\" data-v-6e564eaf=\"\">\n<div class=\"chevron expanded\" data-v-6e564eaf=\"\"><\/div>\n<\/div>\n<\/div>\n<div class=\"content\" data-v-6e564eaf=\"\">\n<div class=\"content-builder-markdown-view\" data-v-5ecb7dfc=\"\" data-v-3bd1aa0a=\"\" data-v-6e564eaf-s=\"\">\n<p>1\ufe0f\u20e3 \u00bfPueden asistir ni\u00f1os al tour?<br \/>\nS\u00ed, es un tour apto para todas las edades.<\/p>\n<p>2\ufe0f\u20e3 \u00bfLa cena tiene opciones vegetarianas o especiales?<br \/>\nS\u00ed, Hay ensalada de nopales, ensalada de citr\u00edcos.<\/p>\n<p>3\ufe0f\u20e3 \u00bfEs necesario reservar con anticipaci\u00f3n?<br \/>\nS\u00ed, recomendamos reservar con tiempo, especialmente en temporada alta.<\/p>\n<p>4\ufe0f\u20e3 \u00bfQu\u00e9 pasa si el clima no permite el tour?<br \/>\nSi el tour se cancela por mal clima, podr\u00e1s reprogramarlo o solicitar un reembolso completo.<\/p>\n<p>5\ufe0f\u20e3 \u00bfPuedo usar mi dron para grabar la experiencia?<br \/>\nNo, por seguridad no se permite el uso de drones a bordo.<\/p>\n<\/div>\n<\/div>\n<\/div>\n<\/div>\n<\/div>\n<\/div>\n<\/li>\n<\/ul>","protected":false},"excerpt":{"rendered":"<div data-src=\"https:\/\/cdn.trustindex.io\/loader.js?868d11f242ab6822ff2652511a3\"><\/div>\n<p>&#8220;]<\/p>\n<h2 data-v-3bd1aa0a=\"\" data-v-6e564eaf-s=\"\">Qu\u00e9 est\u00e1 incluido<\/h2>\n<div class=\"content-builder-markdown-view\" data-v-5ecb7dfc=\"\" data-v-3bd1aa0a=\"\" data-v-6e564eaf-s=\"\">\n<p>\u2714 Crucero de lujo por la bah\u00eda de Cabo San Lucas.<br \/>\n\u2714 Cena de fajitas con sus guarniciones.<br \/>\n\u2714 Barra libre Nacional.<br \/>\n\u2714M\u00fasica en vivo.<br \/>\n\u2714 Vistas privilegiadas de la puesta de sol y paisajes ic\u00f3nicos.<\/p>\n<p>&nbsp;<\/p>\n<\/div>","protected":false},"featured_media":1741,"template":"","meta":{"_uag_custom_page_level_css":"","WB4WB4WP_MODE":"","WB4WP_PAGE_SCRIPTS":"","WB4WP_PAGE_STYLES":"","WB4WP_PAGE_FONTS":"","WB4WP_PAGE_HEADER":"","WB4WP_PAGE_FOOTER":"","_themeisle_gutenberg_block_has_review":false,"jetpack_post_was_ever_published":false,"_joinchat":{"telephone":"+526241001203","message_text":"Asesoria gratis"}},"product_brand":[],"product_cat":[48,45],"product_tag":[],"class_list":{"0":"post-3118","1":"product","2":"type-product","3":"status-publish","4":"has-post-thumbnail","6":"product_cat-experiencias-romanticas-en-los-cabos-en-pareja","7":"product_cat-visita-el-arco-de-cabo-san-lucas","9":"first","10":"instock","11":"shipping-taxable","12":"product-type-external"},"yoast_head":"<!-- This site is optimized with the Yoast SEO plugin v27.4 - https:\/\/yoast.com\/product\/yoast-seo-wordpress\/ -->\n<title>Puesta de sol en Caborey - Morcabo Tours Los Cabos<\/title>\n<meta name=\"description\" content=\"puesta de sol en Caborey en Los Cabos, es una de las experiencias m\u00e1s populares para Parejas en Los Cabos para una experiencia rom\u00e1ntica\" \/>\n<meta name=\"robots\" content=\"index, follow, max-snippet:-1, max-image-preview:large, max-video-preview:-1\" \/>\n<link rel=\"canonical\" href=\"https:\/\/morcabotours.com\/en\/product\/puesta-de-sol-en-caborey\/\" \/>\n<meta property=\"og:locale\" content=\"en_US\" \/>\n<meta property=\"og:type\" content=\"article\" \/>\n<meta property=\"og:title\" content=\"Puesta de sol en Caborey - Morcabo Tours Los Cabos\" \/>\n<meta property=\"og:description\" content=\"puesta de sol en Caborey en Los Cabos, es una de las experiencias m\u00e1s populares para Parejas en Los Cabos para una experiencia rom\u00e1ntica\" \/>\n<meta property=\"og:url\" content=\"https:\/\/morcabotours.com\/en\/product\/puesta-de-sol-en-caborey\/\" \/>\n<meta property=\"og:site_name\" content=\"Morcabo Tours\" \/>\n<meta property=\"article:publisher\" content=\"https:\/\/www.facebook.com\/Morcabo\/\" \/>\n<meta property=\"article:modified_time\" content=\"2025-12-05T21:05:58+00:00\" \/>\n<meta property=\"og:image\" content=\"https:\/\/morcabotours.com\/wp-content\/uploads\/2023\/04\/caborey-puesta-de-sol.webp\" \/>\n\t<meta property=\"og:image:width\" content=\"1004\" \/>\n\t<meta property=\"og:image:height\" content=\"565\" \/>\n\t<meta property=\"og:image:type\" content=\"image\/webp\" \/>\n<meta name=\"twitter:card\" content=\"summary_large_image\" \/>\n<meta name=\"twitter:label1\" content=\"Est. reading time\" \/>\n\t<meta name=\"twitter:data1\" content=\"3 minutes\" \/>\n<script type=\"application\/ld+json\" class=\"yoast-schema-graph\">{\"@context\":\"https:\\\/\\\/schema.org\",\"@graph\":[{\"@type\":\"WebPage\",\"@id\":\"https:\\\/\\\/morcabotours.com\\\/producto\\\/puesta-de-sol-en-caborey\\\/\",\"url\":\"https:\\\/\\\/morcabotours.com\\\/producto\\\/puesta-de-sol-en-caborey\\\/\",\"name\":\"Puesta de sol en Caborey - Morcabo Tours Los Cabos\",\"isPartOf\":{\"@id\":\"https:\\\/\\\/morcabotours.com\\\/#website\"},\"primaryImageOfPage\":{\"@id\":\"https:\\\/\\\/morcabotours.com\\\/producto\\\/puesta-de-sol-en-caborey\\\/#primaryimage\"},\"image\":{\"@id\":\"https:\\\/\\\/morcabotours.com\\\/producto\\\/puesta-de-sol-en-caborey\\\/#primaryimage\"},\"thumbnailUrl\":\"https:\\\/\\\/i0.wp.com\\\/morcabotours.com\\\/wp-content\\\/uploads\\\/2023\\\/04\\\/caborey-puesta-de-sol.webp?fit=1004%2C565&ssl=1\",\"datePublished\":\"2025-05-22T05:52:02+00:00\",\"dateModified\":\"2025-12-05T21:05:58+00:00\",\"description\":\"puesta de sol en Caborey en Los Cabos, es una de las experiencias m\u00e1s populares para Parejas en Los Cabos para una experiencia rom\u00e1ntica\",\"breadcrumb\":{\"@id\":\"https:\\\/\\\/morcabotours.com\\\/producto\\\/puesta-de-sol-en-caborey\\\/#breadcrumb\"},\"inLanguage\":\"en-US\",\"potentialAction\":[{\"@type\":\"ReadAction\",\"target\":[\"https:\\\/\\\/morcabotours.com\\\/producto\\\/puesta-de-sol-en-caborey\\\/\"]}]},{\"@type\":\"ImageObject\",\"inLanguage\":\"en-US\",\"@id\":\"https:\\\/\\\/morcabotours.com\\\/producto\\\/puesta-de-sol-en-caborey\\\/#primaryimage\",\"url\":\"https:\\\/\\\/i0.wp.com\\\/morcabotours.com\\\/wp-content\\\/uploads\\\/2023\\\/04\\\/caborey-puesta-de-sol.webp?fit=1004%2C565&ssl=1\",\"contentUrl\":\"https:\\\/\\\/i0.wp.com\\\/morcabotours.com\\\/wp-content\\\/uploads\\\/2023\\\/04\\\/caborey-puesta-de-sol.webp?fit=1004%2C565&ssl=1\",\"width\":1004,\"height\":565,\"caption\":\"Tour de puesta de sol en Caborey en Los Cabos\"},{\"@type\":\"BreadcrumbList\",\"@id\":\"https:\\\/\\\/morcabotours.com\\\/producto\\\/puesta-de-sol-en-caborey\\\/#breadcrumb\",\"itemListElement\":[{\"@type\":\"ListItem\",\"position\":1,\"name\":\"Home\",\"item\":\"https:\\\/\\\/morcabotours.com\\\/\"},{\"@type\":\"ListItem\",\"position\":2,\"name\":\"Tours en Los Cabos\",\"item\":\"https:\\\/\\\/morcabotours.com\\\/reservar-tours-en-los-cabos\\\/\"},{\"@type\":\"ListItem\",\"position\":3,\"name\":\"Tour de puesta de sol en Caborey en Los Cabos\"}]},{\"@type\":\"WebSite\",\"@id\":\"https:\\\/\\\/morcabotours.com\\\/#website\",\"url\":\"https:\\\/\\\/morcabotours.com\\\/\",\"name\":\"Morcabo Tours\",\"description\":\"Los Mejores Tours en Los Cabos.\",\"publisher\":{\"@id\":\"https:\\\/\\\/morcabotours.com\\\/#organization\"},\"potentialAction\":[{\"@type\":\"SearchAction\",\"target\":{\"@type\":\"EntryPoint\",\"urlTemplate\":\"https:\\\/\\\/morcabotours.com\\\/?s={search_term_string}\"},\"query-input\":{\"@type\":\"PropertyValueSpecification\",\"valueRequired\":true,\"valueName\":\"search_term_string\"}}],\"inLanguage\":\"en-US\"},{\"@type\":\"Organization\",\"@id\":\"https:\\\/\\\/morcabotours.com\\\/#organization\",\"name\":\"Morcabo tours Que hacer en Los Cabos.\",\"url\":\"https:\\\/\\\/morcabotours.com\\\/\",\"logo\":{\"@type\":\"ImageObject\",\"inLanguage\":\"en-US\",\"@id\":\"https:\\\/\\\/morcabotours.com\\\/#\\\/schema\\\/logo\\\/image\\\/\",\"url\":\"https:\\\/\\\/i0.wp.com\\\/morcabotours.com\\\/wp-content\\\/uploads\\\/2026\\\/03\\\/MORCABO-LOGO-HORIZONTAL.png?fit=1000%2C500&ssl=1\",\"contentUrl\":\"https:\\\/\\\/i0.wp.com\\\/morcabotours.com\\\/wp-content\\\/uploads\\\/2026\\\/03\\\/MORCABO-LOGO-HORIZONTAL.png?fit=1000%2C500&ssl=1\",\"width\":1000,\"height\":500,\"caption\":\"Morcabo tours Que hacer en Los Cabos.\"},\"image\":{\"@id\":\"https:\\\/\\\/morcabotours.com\\\/#\\\/schema\\\/logo\\\/image\\\/\"},\"sameAs\":[\"https:\\\/\\\/www.facebook.com\\\/Morcabo\\\/\",\"https:\\\/\\\/www.instagram.com\\\/morcabotoursenloscabos\\\/\",\"https:\\\/\\\/www.tiktok.com\\\/@morcabotours\"]}]}<\/script>\n<!-- \/ Yoast SEO plugin. -->","yoast_head_json":{"title":"Puesta de sol en Caborey - Morcabo Tours Los Cabos","description":"puesta de sol en Caborey en Los Cabos, es una de las experiencias m\u00e1s populares para Parejas en Los Cabos para una experiencia rom\u00e1ntica","robots":{"index":"index","follow":"follow","max-snippet":"max-snippet:-1","max-image-preview":"max-image-preview:large","max-video-preview":"max-video-preview:-1"},"canonical":"https:\/\/morcabotours.com\/en\/product\/puesta-de-sol-en-caborey\/","og_locale":"en_US","og_type":"article","og_title":"Puesta de sol en Caborey - Morcabo Tours Los Cabos","og_description":"puesta de sol en Caborey en Los Cabos, es una de las experiencias m\u00e1s populares para Parejas en Los Cabos para una experiencia rom\u00e1ntica","og_url":"https:\/\/morcabotours.com\/en\/product\/puesta-de-sol-en-caborey\/","og_site_name":"Morcabo Tours","article_publisher":"https:\/\/www.facebook.com\/Morcabo\/","article_modified_time":"2025-12-05T21:05:58+00:00","og_image":[{"width":1004,"height":565,"url":"https:\/\/morcabotours.com\/wp-content\/uploads\/2023\/04\/caborey-puesta-de-sol.webp","type":"image\/webp"}],"twitter_card":"summary_large_image","twitter_misc":{"Est. reading time":"3 minutes"},"schema":{"@context":"https:\/\/schema.org","@graph":[{"@type":"WebPage","@id":"https:\/\/morcabotours.com\/producto\/puesta-de-sol-en-caborey\/","url":"https:\/\/morcabotours.com\/producto\/puesta-de-sol-en-caborey\/","name":"Puesta de sol en Caborey - Morcabo Tours Los Cabos","isPartOf":{"@id":"https:\/\/morcabotours.com\/#website"},"primaryImageOfPage":{"@id":"https:\/\/morcabotours.com\/producto\/puesta-de-sol-en-caborey\/#primaryimage"},"image":{"@id":"https:\/\/morcabotours.com\/producto\/puesta-de-sol-en-caborey\/#primaryimage"},"thumbnailUrl":"https:\/\/i0.wp.com\/morcabotours.com\/wp-content\/uploads\/2023\/04\/caborey-puesta-de-sol.webp?fit=1004%2C565&ssl=1","datePublished":"2025-05-22T05:52:02+00:00","dateModified":"2025-12-05T21:05:58+00:00","description":"puesta de sol en Caborey en Los Cabos, es una de las experiencias m\u00e1s populares para Parejas en Los Cabos para una experiencia rom\u00e1ntica","breadcrumb":{"@id":"https:\/\/morcabotours.com\/producto\/puesta-de-sol-en-caborey\/#breadcrumb"},"inLanguage":"en-US","potentialAction":[{"@type":"ReadAction","target":["https:\/\/morcabotours.com\/producto\/puesta-de-sol-en-caborey\/"]}]},{"@type":"ImageObject","inLanguage":"en-US","@id":"https:\/\/morcabotours.com\/producto\/puesta-de-sol-en-caborey\/#primaryimage","url":"https:\/\/i0.wp.com\/morcabotours.com\/wp-content\/uploads\/2023\/04\/caborey-puesta-de-sol.webp?fit=1004%2C565&ssl=1","contentUrl":"https:\/\/i0.wp.com\/morcabotours.com\/wp-content\/uploads\/2023\/04\/caborey-puesta-de-sol.webp?fit=1004%2C565&ssl=1","width":1004,"height":565,"caption":"Tour de puesta de sol en Caborey en Los Cabos"},{"@type":"BreadcrumbList","@id":"https:\/\/morcabotours.com\/producto\/puesta-de-sol-en-caborey\/#breadcrumb","itemListElement":[{"@type":"ListItem","position":1,"name":"Home","item":"https:\/\/morcabotours.com\/"},{"@type":"ListItem","position":2,"name":"Tours en Los Cabos","item":"https:\/\/morcabotours.com\/reservar-tours-en-los-cabos\/"},{"@type":"ListItem","position":3,"name":"Tour de puesta de sol en Caborey en Los Cabos"}]},{"@type":"WebSite","@id":"https:\/\/morcabotours.com\/#website","url":"https:\/\/morcabotours.com\/","name":"Morcabo Tours","description":"Best things To Do in Cabo","publisher":{"@id":"https:\/\/morcabotours.com\/#organization"},"potentialAction":[{"@type":"SearchAction","target":{"@type":"EntryPoint","urlTemplate":"https:\/\/morcabotours.com\/?s={search_term_string}"},"query-input":{"@type":"PropertyValueSpecification","valueRequired":true,"valueName":"search_term_string"}}],"inLanguage":"en-US"},{"@type":"Organization","@id":"https:\/\/morcabotours.com\/#organization","name":"Morcabo tours Que hacer en Los Cabos.","url":"https:\/\/morcabotours.com\/","logo":{"@type":"ImageObject","inLanguage":"en-US","@id":"https:\/\/morcabotours.com\/#\/schema\/logo\/image\/","url":"https:\/\/i0.wp.com\/morcabotours.com\/wp-content\/uploads\/2026\/03\/MORCABO-LOGO-HORIZONTAL.png?fit=1000%2C500&ssl=1","contentUrl":"https:\/\/i0.wp.com\/morcabotours.com\/wp-content\/uploads\/2026\/03\/MORCABO-LOGO-HORIZONTAL.png?fit=1000%2C500&ssl=1","width":1000,"height":500,"caption":"Morcabo tours Que hacer en Los Cabos."},"image":{"@id":"https:\/\/morcabotours.com\/#\/schema\/logo\/image\/"},"sameAs":["https:\/\/www.facebook.com\/Morcabo\/","https:\/\/www.instagram.com\/morcabotoursenloscabos\/","https:\/\/www.tiktok.com\/@morcabotours"]}]}},"uagb_featured_image_src":{"full":["https:\/\/i0.wp.com\/morcabotours.com\/wp-content\/uploads\/2023\/04\/caborey-puesta-de-sol.webp?fit=1004%2C565&ssl=1",1004,565,false],"thumbnail":["https:\/\/i0.wp.com\/morcabotours.com\/wp-content\/uploads\/2023\/04\/caborey-puesta-de-sol.webp?resize=150%2C150&ssl=1",150,150,true],"medium":["https:\/\/i0.wp.com\/morcabotours.com\/wp-content\/uploads\/2023\/04\/caborey-puesta-de-sol.webp?fit=300%2C169&ssl=1",300,169,true],"medium_large":["https:\/\/i0.wp.com\/morcabotours.com\/wp-content\/uploads\/2023\/04\/caborey-puesta-de-sol.webp?fit=768%2C432&ssl=1",768,432,true],"large":["https:\/\/i0.wp.com\/morcabotours.com\/wp-content\/uploads\/2023\/04\/caborey-puesta-de-sol.webp?fit=1004%2C565&ssl=1",1004,565,true],"1536x1536":["https:\/\/i0.wp.com\/morcabotours.com\/wp-content\/uploads\/2023\/04\/caborey-puesta-de-sol.webp?fit=1004%2C565&ssl=1",1004,565,true],"2048x2048":["https:\/\/i0.wp.com\/morcabotours.com\/wp-content\/uploads\/2023\/04\/caborey-puesta-de-sol.webp?fit=1004%2C565&ssl=1",1004,565,true],"trp-custom-language-flag":["https:\/\/i0.wp.com\/morcabotours.com\/wp-content\/uploads\/2023\/04\/caborey-puesta-de-sol.webp?fit=18%2C10&ssl=1",18,10,true],"woocommerce_archive_thumbnail":["https:\/\/i0.wp.com\/morcabotours.com\/wp-content\/uploads\/2023\/04\/caborey-puesta-de-sol.webp?resize=300%2C300&ssl=1",300,300,true],"woocommerce_thumbnail":["https:\/\/i0.wp.com\/morcabotours.com\/wp-content\/uploads\/2023\/04\/caborey-puesta-de-sol.webp?resize=300%2C300&ssl=1",300,300,true],"woocommerce_single":["https:\/\/i0.wp.com\/morcabotours.com\/wp-content\/uploads\/2023\/04\/caborey-puesta-de-sol.webp?fit=600%2C338&ssl=1",600,338,true],"woocommerce_gallery_thumbnail":["https:\/\/i0.wp.com\/morcabotours.com\/wp-content\/uploads\/2023\/04\/caborey-puesta-de-sol.webp?resize=100%2C100&ssl=1",100,100,true]},"uagb_author_info":{"display_name":"Daniel Campos","author_link":"https:\/\/morcabotours.com\/en\/author\/"},"uagb_comment_info":0,"uagb_excerpt":"[trustindex data-widget-id=\"[trustindex data-widget-id=868d11f242ab6822ff2652511a3]\"] Qu\u00e9 est\u00e1 incluido \u2714 Crucero de lujo por la bah\u00eda de Cabo San Lucas. \u2714 Cena de fajitas con sus guarniciones. \u2714 Barra libre Nacional. \u2714M\u00fasica en vivo. \u2714 Vistas privilegiadas de la puesta de sol y paisajes ic\u00f3nicos. &nbsp;","jetpack_sharing_enabled":true,"_links":{"self":[{"href":"https:\/\/morcabotours.com\/en\/wp-json\/wp\/v2\/product\/3118","targetHints":{"allow":["GET"]}}],"collection":[{"href":"https:\/\/morcabotours.com\/en\/wp-json\/wp\/v2\/product"}],"about":[{"href":"https:\/\/morcabotours.com\/en\/wp-json\/wp\/v2\/types\/product"}],"wp:featuredmedia":[{"embeddable":true,"href":"https:\/\/morcabotours.com\/en\/wp-json\/wp\/v2\/media\/1741"}],"wp:attachment":[{"href":"https:\/\/morcabotours.com\/en\/wp-json\/wp\/v2\/media?parent=3118"}],"wp:term":[{"taxonomy":"product_brand","embeddable":true,"href":"https:\/\/morcabotours.com\/en\/wp-json\/wp\/v2\/product_brand?post=3118"},{"taxonomy":"product_cat","embeddable":true,"href":"https:\/\/morcabotours.com\/en\/wp-json\/wp\/v2\/product_cat?post=3118"},{"taxonomy":"product_tag","embeddable":true,"href":"https:\/\/morcabotours.com\/en\/wp-json\/wp\/v2\/product_tag?post=3118"}],"curies":[{"name":"wp","href":"https:\/\/api.w.org\/{rel}","templated":true}]}}