{"id":3117,"date":"2025-05-21T22:27:40","date_gmt":"2025-05-22T05:27:40","guid":{"rendered":"https:\/\/morcabotours.com\/?post_type=product&#038;p=3117"},"modified":"2025-12-05T14:05:09","modified_gmt":"2025-12-05T21:05:09","slug":"tour-en-lancha-de-cristal-al-arco","status":"publish","type":"product","link":"https:\/\/morcabotours.com\/en\/product\/tour-en-lancha-de-cristal-al-arco\/","title":{"rendered":"Clear  Boat Tour to the Arch of Los Cabos"},"content":{"rendered":"<h2 class=\"wp-block-heading\" style=\"text-align: left;\"><div data-src=\"https:\/\/cdn.trustindex.io\/loader.js?868d11f242ab6822ff2652511a3\"><\/div><\/h2>\n<div class=\"section\" tabindex=\"0\" data-v-6e564eaf=\"\" data-v-3bd1aa0a=\"\" data-test-id=\"faq-display-section\">\n<div class=\"content\" data-v-6e564eaf=\"\">\n<div class=\"content-builder-markdown-view\" data-v-5ecb7dfc=\"\" data-v-3bd1aa0a=\"\" data-v-6e564eaf-s=\"\">\n<div class=\"section\" tabindex=\"0\" data-v-6e564eaf=\"\" data-v-3bd1aa0a=\"\" data-test-id=\"activity-details-display-section\">\n<div class=\"heading\" data-v-6e564eaf=\"\">\n<div class=\"heading-left\" data-v-6e564eaf=\"\">\n<h1 data-v-6e564eaf=\"\">Detalles de la actividad Tour en lancha de cristal al Arco<\/h1>\n<\/div>\n<div class=\"chevron-container\" data-v-6e564eaf=\"\">\n<div class=\"chevron expanded\" data-v-6e564eaf=\"\"><\/div>\n<\/div>\n<\/div>\n<div class=\"content\" data-v-6e564eaf=\"\">\n<div class=\"subsection\" data-v-3bd1aa0a=\"\" data-v-6e564eaf-s=\"\" data-test-id=\"activity-details-fields-description-display\">\n<div class=\"content-builder-markdown-view\" data-v-5ecb7dfc=\"\" data-v-3bd1aa0a=\"\" data-v-6e564eaf-s=\"\">\n<p><strong>Acerca del Tour<\/strong><br \/>\n\u00a1Descubre la belleza submarina de Los Cabos en el Tour en lancha de cristal al Arco\u00a0sin mojarte! Aborda una lancha completamente transparente y disfruta de una vista \u00fanica de los coloridos peces y el espectacular paisaje marino.<br \/>\nDurante el recorrido, visitar\u00e1s las formaciones rocosas m\u00e1s ic\u00f3nicas de Cabo San Lucas, incluyendo el famoso Arco de Los Cabos, la Playa del Amor, y la colonia de lobos marinos.<\/p>\n<\/div>\n<\/div>\n<div class=\"subsection\" data-v-3bd1aa0a=\"\" data-v-6e564eaf-s=\"\" data-test-id=\"activity-details-fields-what-is-included-display\">\n<h2 data-v-3bd1aa0a=\"\" data-v-6e564eaf-s=\"\">Qu\u00e9 est\u00e1 incluido Tour en lancha de cristal al Arco<\/h2>\n<div class=\"content-builder-markdown-view\" data-v-5ecb7dfc=\"\" data-v-3bd1aa0a=\"\" data-v-6e564eaf-s=\"\">\n<p><strong>\u00bfQu\u00e9 incluye el tour?<\/strong><\/p>\n<p>\u2714 Visita el Arco de Los Cabos.<br \/>\n\u2714 Recorrido en lancha de cristal (\u00fanica en Los Cabos).<br \/>\n\u2714 Vista panor\u00e1mica de la vida marina sin necesidad de equipo de snorkel.<br \/>\n\u2714 Capit\u00e1n y gu\u00eda certificado para una experiencia segura y enriquecedora.<br \/>\n\u2714 Chaleco salvavidas obligatorio durante el recorrido.<\/p>\n<\/div>\n<\/div>\n<div class=\"subsection\" data-v-3bd1aa0a=\"\" data-v-6e564eaf-s=\"\" data-test-id=\"activity-details-fields-what-is-not-included-display\">\n<h2 data-v-3bd1aa0a=\"\" data-v-6e564eaf-s=\"\">\u00bfQu\u00e9 no est\u00e1 incluido?<\/h2>\n<div class=\"content-builder-markdown-view\" data-v-5ecb7dfc=\"\" data-v-3bd1aa0a=\"\" data-v-6e564eaf-s=\"\">\n<p>No est\u00e1 incluido:<br \/>\n\u2718 Propinas.<br \/>\n\u2718 Souvenirs.<br \/>\n\u2718 Fotograf\u00edas profesionales.<br \/>\n\u2718 Transporte al punto de encuentro.<\/p>\n<\/div>\n<\/div>\n<div class=\"subsection\" data-v-3bd1aa0a=\"\" data-v-6e564eaf-s=\"\" data-test-id=\"activity-details-fields-itinerary-display\">\n<h2 data-v-3bd1aa0a=\"\" data-v-6e564eaf-s=\"\">Itinerario<\/h2>\n<div class=\"content-builder-markdown-view\" data-v-5ecb7dfc=\"\" data-v-3bd1aa0a=\"\" data-v-6e564eaf-s=\"\">\n<p><strong>Itinerario del Tour<\/strong><br \/>\n1\ufe0f\u20e3 Estar 30 minutos antes del horario para hacer el Check-in y registro: Llega a la marina de Cabo San Lucas y prep\u00e1rate para abordar.<\/p>\n<p>2\ufe0f\u20e3 Inicio del recorrido: Saldremos en una lancha de cristal para explorar las aguas cristalinas y formaciones rocosas.<\/p>\n<p>3\ufe0f\u20e3 Visita a las 9 formaciones ic\u00f3nicas:<\/p>\n<ul>\n<li>Piedra del Pel\u00edcano<\/li>\n<li>Dedo de Neptuno<\/li>\n<li>Lover's Beach<\/li>\n<li>Ventana hacia el Pac\u00edfico<\/li>\n<li>El Arco de Los Cabos (ideal para fotos).<\/li>\n<li>Sea lion colony<\/li>\n<li>Piedra de Scooby Doo<\/li>\n<li>Divorce Beach<\/li>\n<li>Cueva del Pirata<\/li>\n<\/ul>\n<p>4\ufe0f\u20e3 Regreso a la marina: Finalizamos la aventura despu\u00e9s de un recorrido espectacular.<\/p>\n<\/div>\n<\/div>\n<div class=\"subsection\" data-v-3bd1aa0a=\"\" data-v-6e564eaf-s=\"\" data-test-id=\"activity-details-fields-highlights-display\">\n<h2 data-v-3bd1aa0a=\"\" data-v-6e564eaf-s=\"\">Puntos fuertes<\/h2>\n<div class=\"content-builder-markdown-view\" data-v-5ecb7dfc=\"\" data-v-3bd1aa0a=\"\" data-v-6e564eaf-s=\"\">\n<p>Puntos Fuertes del Tour<br \/>\n\u2705 Lancha de cristal \u00fanica en Los Cabos, perfecta para ver la vida marina sin mojarte.<\/p>\n<p>\u2705 Recorrido r\u00e1pido \u00a0sin embargo \u00a0eficiente de 45 minutos, ideal para quienes prefieren una actividad breve.<\/p>\n<p>\u2705 Vistas panor\u00e1micas y fotos incre\u00edbles en el Arco de Los Cabos y otras formaciones rocosas.<\/p>\n<p>\u2705 Ideal para toda la familia, incluyendo ni\u00f1os y adultos.<\/p>\n<p>\u2705 Seguro y c\u00f3modo, con chaleco salvavidas obligatorio para todos los pasajeros.<\/p>\n<\/div>\n<\/div>\n<\/div>\n<\/div>\n<div class=\"section\" tabindex=\"0\" data-v-6e564eaf=\"\" data-v-3bd1aa0a=\"\" data-test-id=\"additional-information-display-section\">\n<div class=\"heading\" data-v-6e564eaf=\"\">\n<div class=\"heading-left\" data-v-6e564eaf=\"\">\n<h1 data-v-6e564eaf=\"\">Informaci\u00f3n adicional para el Tour en lancha de cristal al Arco.<\/h1>\n<\/div>\n<div class=\"chevron-container\" data-v-6e564eaf=\"\">\n<div class=\"chevron expanded\" data-v-6e564eaf=\"\"><\/div>\n<\/div>\n<\/div>\n<div class=\"content\" data-v-6e564eaf=\"\">\n<div class=\"subsection\" data-v-3bd1aa0a=\"\" data-v-6e564eaf-s=\"\" data-test-id=\"additional-information-fields-check-in-details-display\">\n<h2 data-v-3bd1aa0a=\"\" data-v-6e564eaf-s=\"\">Datos de validaci\u00f3n<\/h2>\n<div class=\"content-builder-markdown-view\" data-v-5ecb7dfc=\"\" data-v-3bd1aa0a=\"\" data-v-6e564eaf-s=\"\">\n<p>Informaci\u00f3n Adicional<\/p>\n<ul>\n<li>No se permite abordar con zapatos, por el tipo de embarcaci\u00f3n.<\/li>\n<li>No se permiten mascotas.<\/li>\n<li>No se permite llevar comida.<\/li>\n<li>Permitida solo 1 bebida por persona (que no sea en envase de vidrio).<\/li>\n<li>El uso del chaleco salvavidas es obligatorio durante todo el recorrido.<\/li>\n<\/ul>\n<\/div>\n<\/div>\n<div class=\"subsection\" data-v-3bd1aa0a=\"\" data-v-6e564eaf-s=\"\" data-test-id=\"additional-information-fields-what-to-bring-display\">\n<h2 data-v-3bd1aa0a=\"\" data-v-6e564eaf-s=\"\">Qu\u00e9 hay que llevar<\/h2>\n<div class=\"content-builder-markdown-view\" data-v-5ecb7dfc=\"\" data-v-3bd1aa0a=\"\" data-v-6e564eaf-s=\"\">\n<p>\u00bfQu\u00e9 traer?<br \/>\n\ud83d\udccc Bloqueador solar para protegerte del sol.<br \/>\n\ud83d\udccc Gorra o sombrero para mayor comodidad.<br \/>\n\ud83d\udccc C\u00e1mara o tel\u00e9fono para capturar recuerdos.<br \/>\n\ud83d\udccc 1 bebida por persona (sin envase de vidrio).<br \/>\n\ud83d\udccc Dinero en efectivo para propinas y souvenirs.<\/p>\n<\/div>\n<\/div>\n<div class=\"subsection\" data-v-3bd1aa0a=\"\" data-v-6e564eaf-s=\"\" data-test-id=\"additional-information-fields-special-requirements-display\">\n<h2 data-v-3bd1aa0a=\"\" data-v-6e564eaf-s=\"\">Requisitos especiales en el Tour en lancha de cristal al Arco.<\/h2>\n<div class=\"content-builder-markdown-view\" data-v-5ecb7dfc=\"\" data-v-3bd1aa0a=\"\" data-v-6e564eaf-s=\"\">\n<p><strong>Informaci\u00f3n Importante para Personas con Movilidad Reducida:<\/strong><br \/>\n-Si viajas con silla de ruedas: El acceso puede ser dif\u00edcil. Si la persona puede caminar un poco, es posible bajar en silla de ruedas al muelle para abordar la embarcaci\u00f3n y luego regresar la silla a la oficina.<\/p>\n<p>-Menores deben estar acompa\u00f1ados por un adulto en todo momento.<\/p>\n<\/div>\n<\/div>\n<div class=\"subsection\" data-v-3bd1aa0a=\"\" data-v-6e564eaf-s=\"\" data-test-id=\"additional-information-fields-restrictions-display\">\n<h2 data-v-3bd1aa0a=\"\" data-v-6e564eaf-s=\"\">Restricciones<\/h2>\n<div class=\"content-builder-markdown-view\" data-v-5ecb7dfc=\"\" data-v-3bd1aa0a=\"\" data-v-6e564eaf-s=\"\">\n<p>-No mascotas.<br \/>\n-Alimentos.<br \/>\n-Envases de vidrio.<\/p>\n<\/div>\n<\/div>\n<div class=\"subsection\" data-v-3bd1aa0a=\"\" data-v-6e564eaf-s=\"\" data-test-id=\"additional-information-fields-extras-display\">\n<h2 data-v-3bd1aa0a=\"\" data-v-6e564eaf-s=\"\">Extras<\/h2>\n<div class=\"content-builder-markdown-view\" data-v-5ecb7dfc=\"\" data-v-3bd1aa0a=\"\" data-v-6e564eaf-s=\"\">\n<p><strong>Esta embarcaci\u00f3n no baja en playa por el tipo de material.<\/strong><\/p>\n<\/div>\n<\/div>\n<div class=\"subsection\" data-v-3bd1aa0a=\"\" data-v-6e564eaf-s=\"\" data-test-id=\"additional-information-fields-disclaimers-display\">\n<p><strong>Descargos de responsabilidad<\/strong><\/p>\n<div class=\"content-builder-markdown-view\" data-v-5ecb7dfc=\"\" data-v-3bd1aa0a=\"\" data-v-6e564eaf-s=\"\">\n<p>Descargo de Responsabilidad<br \/>\nMorcabo Tours act\u00faa \u00fanicamente como intermediario en la organizaci\u00f3n del tour, por lo que no se hace responsable por:<\/p>\n<ul>\n<li>Retrasos o cancelaciones debido a factores externos como clima o disponibilidad.<\/li>\n<li>Objetos perdidos u olvidados durante el recorrido.<\/li>\n<li>Incidentes personales, como mareos o accidentes.<\/li>\n<li>Llegadas tard\u00edas: Si el cliente no llega a tiempo, perder\u00e1 su reserva sin derecho a reembolso ni reprogramaci\u00f3n.<br \/>\nAl reservar, el cliente acepta estas condiciones y exonera a Morcabo Tours de cualquier responsabilidad.<\/li>\n<\/ul>\n<\/div>\n<\/div>\n<\/div>\n<\/div>\n<div class=\"section\" tabindex=\"0\" data-v-6e564eaf=\"\" data-v-3bd1aa0a=\"\" data-test-id=\"faq-display-section\">\n<div class=\"heading\" data-v-6e564eaf=\"\">\n<div class=\"heading-left\" data-v-6e564eaf=\"\">\n<h2>Preguntas frecuentes<\/h2>\n<\/div>\n<div class=\"chevron-container\" data-v-6e564eaf=\"\">\n<div class=\"chevron expanded\" data-v-6e564eaf=\"\"><\/div>\n<\/div>\n<\/div>\n<div class=\"content\" data-v-6e564eaf=\"\">\n<div class=\"content-builder-markdown-view\" data-v-5ecb7dfc=\"\" data-v-3bd1aa0a=\"\" data-v-6e564eaf-s=\"\">\n<p><strong>Preguntas Frecuentes.<\/strong><\/p>\n<p>1\ufe0f\u20e3 \u00bfPuedo bajar en las playas durante el tour?<br \/>\nNo, a causa de su material, este tour es exclusivamente en lancha y no incluye descensos en playa.<br \/>\n2\ufe0f\u20e3 \u00bfCu\u00e1nto dura el recorrido?<br \/>\nEl recorrido tiene una duraci\u00f3n de 45 a 50 minutos, a causa del \u00a0tipo de material el tour es sin paradas.<br \/>\n3\ufe0f\u20e3 \u00bfPuedo llevar comida o bebidas?<br \/>\nNo se permite comida, y solo se permite 1 bebida por persona (sin envase de vidrio).<br \/>\n4\ufe0f\u20e3 <strong>\u00bfEs necesario usar chaleco salvavidas?<\/strong><br \/>\nS\u00ed, el chaleco salvavidas es obligatorio durante todo el recorrido.<br \/>\n5\ufe0f\u20e3 <strong>\u00bfQu\u00e9 pasa si el tour se cancela por mal clima?<\/strong><br \/>\nEn caso de cancelaci\u00f3n porque\u00a0halla condiciones clim\u00e1ticas adversas, puedes reprogramarlo o solicitar un reembolso completo.<\/p>\n<\/div>\n<\/div>\n<\/div>\n<\/div>\n<\/div>\n<\/div>","protected":false},"excerpt":{"rendered":"<p style=\"text-align: left;\">\n<div data-src=\"https:\/\/cdn.trustindex.io\/loader.js?868d11f242ab6822ff2652511a3\"><\/div>\n<\/p>\n<h2 data-v-3bd1aa0a=\"\" data-v-6e564eaf-s=\"\">Qu\u00e9 est\u00e1 incluido Tour en lancha de cristal al Arco<\/h2>\n<div class=\"content-builder-markdown-view\" data-v-5ecb7dfc=\"\" data-v-3bd1aa0a=\"\" data-v-6e564eaf-s=\"\">\n<p><strong>\u00bfQu\u00e9 incluye el tour?<\/strong><\/p>\n<p>\u2714 Visita el Arco de Los Cabos.<br \/>\n\u2714 Recorrido en lancha de cristal (\u00fanica en Los Cabos).<br \/>\n\u2714 Vista panor\u00e1mica de la vida marina sin necesidad de equipo de snorkel.<br \/>\n\u2714 Capit\u00e1n y gu\u00eda certificado para una experiencia segura y enriquecedora.<br \/>\n\u2714 Chaleco salvavidas obligatorio durante el recorrido.<\/p>\n<\/div>","protected":false},"featured_media":1364,"template":"","meta":{"_uag_custom_page_level_css":"","WB4WB4WP_MODE":"","WB4WP_PAGE_SCRIPTS":"","WB4WP_PAGE_STYLES":"","WB4WP_PAGE_FONTS":"","WB4WP_PAGE_HEADER":"","WB4WP_PAGE_FOOTER":"","_themeisle_gutenberg_block_has_review":false,"jetpack_post_was_ever_published":false,"_joinchat":{"telephone":"+526241001203","message_text":"Asesoria gratis"}},"product_brand":[],"product_cat":[43,48],"product_tag":[],"class_list":{"0":"post-3117","1":"product","2":"type-product","3":"status-publish","4":"has-post-thumbnail","6":"product_cat-tours-en-los-cabos-mas-pedidos","7":"product_cat-experiencias-romanticas-en-los-cabos-en-pareja","9":"first","10":"instock","11":"featured","12":"shipping-taxable","13":"product-type-external"},"yoast_head":"<!-- This site is optimized with the Yoast SEO plugin v27.4 - https:\/\/yoast.com\/product\/yoast-seo-wordpress\/ -->\n<title>Tour en lancha de cristal al Arco- Tours Los Cabos<\/title>\n<meta name=\"description\" content=\"Tour en lancha de cristal al Arco Los Cabos, es una de las experiencias m\u00e1s populares entre quienes visitan este destino.\" \/>\n<meta name=\"robots\" content=\"index, follow, max-snippet:-1, max-image-preview:large, max-video-preview:-1\" \/>\n<link rel=\"canonical\" href=\"https:\/\/morcabotours.com\/en\/product\/tour-en-lancha-de-cristal-al-arco\/\" \/>\n<meta property=\"og:locale\" content=\"en_US\" \/>\n<meta property=\"og:type\" content=\"article\" \/>\n<meta property=\"og:title\" content=\"Tour en lancha de cristal al Arco- Tours Los Cabos\" \/>\n<meta property=\"og:description\" content=\"Tour en lancha de cristal al Arco Los Cabos, es una de las experiencias m\u00e1s populares entre quienes visitan este destino.\" \/>\n<meta property=\"og:url\" content=\"https:\/\/morcabotours.com\/en\/product\/tour-en-lancha-de-cristal-al-arco\/\" \/>\n<meta property=\"og:site_name\" content=\"Morcabo Tours\" \/>\n<meta property=\"article:publisher\" content=\"https:\/\/www.facebook.com\/Morcabo\/\" \/>\n<meta property=\"article:modified_time\" content=\"2025-12-05T21:05:09+00:00\" \/>\n<meta property=\"og:image\" content=\"https:\/\/morcabotours.com\/wp-content\/uploads\/2022\/10\/FB_IMG_1627305930162.jpg\" \/>\n\t<meta property=\"og:image:width\" content=\"720\" \/>\n\t<meta property=\"og:image:height\" content=\"703\" \/>\n\t<meta property=\"og:image:type\" content=\"image\/jpeg\" \/>\n<meta name=\"twitter:card\" content=\"summary_large_image\" \/>\n<meta name=\"twitter:label1\" content=\"Est. reading time\" \/>\n\t<meta name=\"twitter:data1\" content=\"4 minutes\" \/>\n<script type=\"application\/ld+json\" class=\"yoast-schema-graph\">{\"@context\":\"https:\\\/\\\/schema.org\",\"@graph\":[{\"@type\":\"WebPage\",\"@id\":\"https:\\\/\\\/morcabotours.com\\\/producto\\\/tour-en-lancha-de-cristal-al-arco\\\/\",\"url\":\"https:\\\/\\\/morcabotours.com\\\/producto\\\/tour-en-lancha-de-cristal-al-arco\\\/\",\"name\":\"Tour en lancha de cristal al Arco- Tours Los Cabos\",\"isPartOf\":{\"@id\":\"https:\\\/\\\/morcabotours.com\\\/#website\"},\"primaryImageOfPage\":{\"@id\":\"https:\\\/\\\/morcabotours.com\\\/producto\\\/tour-en-lancha-de-cristal-al-arco\\\/#primaryimage\"},\"image\":{\"@id\":\"https:\\\/\\\/morcabotours.com\\\/producto\\\/tour-en-lancha-de-cristal-al-arco\\\/#primaryimage\"},\"thumbnailUrl\":\"https:\\\/\\\/i0.wp.com\\\/morcabotours.com\\\/wp-content\\\/uploads\\\/2022\\\/10\\\/FB_IMG_1627305930162.jpg?fit=720%2C703&ssl=1\",\"datePublished\":\"2025-05-22T05:27:40+00:00\",\"dateModified\":\"2025-12-05T21:05:09+00:00\",\"description\":\"Tour en lancha de cristal al Arco Los Cabos, es una de las experiencias m\u00e1s populares entre quienes visitan este destino.\",\"breadcrumb\":{\"@id\":\"https:\\\/\\\/morcabotours.com\\\/producto\\\/tour-en-lancha-de-cristal-al-arco\\\/#breadcrumb\"},\"inLanguage\":\"en-US\",\"potentialAction\":[{\"@type\":\"ReadAction\",\"target\":[\"https:\\\/\\\/morcabotours.com\\\/producto\\\/tour-en-lancha-de-cristal-al-arco\\\/\"]}]},{\"@type\":\"ImageObject\",\"inLanguage\":\"en-US\",\"@id\":\"https:\\\/\\\/morcabotours.com\\\/producto\\\/tour-en-lancha-de-cristal-al-arco\\\/#primaryimage\",\"url\":\"https:\\\/\\\/i0.wp.com\\\/morcabotours.com\\\/wp-content\\\/uploads\\\/2022\\\/10\\\/FB_IMG_1627305930162.jpg?fit=720%2C703&ssl=1\",\"contentUrl\":\"https:\\\/\\\/i0.wp.com\\\/morcabotours.com\\\/wp-content\\\/uploads\\\/2022\\\/10\\\/FB_IMG_1627305930162.jpg?fit=720%2C703&ssl=1\",\"width\":720,\"height\":703,\"caption\":\"Tour al arco en lancha de cristal\"},{\"@type\":\"BreadcrumbList\",\"@id\":\"https:\\\/\\\/morcabotours.com\\\/producto\\\/tour-en-lancha-de-cristal-al-arco\\\/#breadcrumb\",\"itemListElement\":[{\"@type\":\"ListItem\",\"position\":1,\"name\":\"Home\",\"item\":\"https:\\\/\\\/morcabotours.com\\\/\"},{\"@type\":\"ListItem\",\"position\":2,\"name\":\"Tours en Los Cabos\",\"item\":\"https:\\\/\\\/morcabotours.com\\\/reservar-tours-en-los-cabos\\\/\"},{\"@type\":\"ListItem\",\"position\":3,\"name\":\"Tour en lancha de cristal al Arco de Los Cabos\"}]},{\"@type\":\"WebSite\",\"@id\":\"https:\\\/\\\/morcabotours.com\\\/#website\",\"url\":\"https:\\\/\\\/morcabotours.com\\\/\",\"name\":\"Morcabo Tours\",\"description\":\"Los Mejores Tours en Los Cabos.\",\"publisher\":{\"@id\":\"https:\\\/\\\/morcabotours.com\\\/#organization\"},\"potentialAction\":[{\"@type\":\"SearchAction\",\"target\":{\"@type\":\"EntryPoint\",\"urlTemplate\":\"https:\\\/\\\/morcabotours.com\\\/?s={search_term_string}\"},\"query-input\":{\"@type\":\"PropertyValueSpecification\",\"valueRequired\":true,\"valueName\":\"search_term_string\"}}],\"inLanguage\":\"en-US\"},{\"@type\":\"Organization\",\"@id\":\"https:\\\/\\\/morcabotours.com\\\/#organization\",\"name\":\"Morcabo tours Que hacer en Los Cabos.\",\"url\":\"https:\\\/\\\/morcabotours.com\\\/\",\"logo\":{\"@type\":\"ImageObject\",\"inLanguage\":\"en-US\",\"@id\":\"https:\\\/\\\/morcabotours.com\\\/#\\\/schema\\\/logo\\\/image\\\/\",\"url\":\"https:\\\/\\\/i0.wp.com\\\/morcabotours.com\\\/wp-content\\\/uploads\\\/2026\\\/03\\\/MORCABO-LOGO-HORIZONTAL.png?fit=1000%2C500&ssl=1\",\"contentUrl\":\"https:\\\/\\\/i0.wp.com\\\/morcabotours.com\\\/wp-content\\\/uploads\\\/2026\\\/03\\\/MORCABO-LOGO-HORIZONTAL.png?fit=1000%2C500&ssl=1\",\"width\":1000,\"height\":500,\"caption\":\"Morcabo tours Que hacer en Los Cabos.\"},\"image\":{\"@id\":\"https:\\\/\\\/morcabotours.com\\\/#\\\/schema\\\/logo\\\/image\\\/\"},\"sameAs\":[\"https:\\\/\\\/www.facebook.com\\\/Morcabo\\\/\",\"https:\\\/\\\/www.instagram.com\\\/morcabotoursenloscabos\\\/\",\"https:\\\/\\\/www.tiktok.com\\\/@morcabotours\"]}]}<\/script>\n<!-- \/ Yoast SEO plugin. -->","yoast_head_json":{"title":"Tour en lancha de cristal al Arco- Tours Los Cabos","description":"Tour en lancha de cristal al Arco Los Cabos, es una de las experiencias m\u00e1s populares entre quienes visitan este destino.","robots":{"index":"index","follow":"follow","max-snippet":"max-snippet:-1","max-image-preview":"max-image-preview:large","max-video-preview":"max-video-preview:-1"},"canonical":"https:\/\/morcabotours.com\/en\/product\/tour-en-lancha-de-cristal-al-arco\/","og_locale":"en_US","og_type":"article","og_title":"Tour en lancha de cristal al Arco- Tours Los Cabos","og_description":"Tour en lancha de cristal al Arco Los Cabos, es una de las experiencias m\u00e1s populares entre quienes visitan este destino.","og_url":"https:\/\/morcabotours.com\/en\/product\/tour-en-lancha-de-cristal-al-arco\/","og_site_name":"Morcabo Tours","article_publisher":"https:\/\/www.facebook.com\/Morcabo\/","article_modified_time":"2025-12-05T21:05:09+00:00","og_image":[{"width":720,"height":703,"url":"https:\/\/morcabotours.com\/wp-content\/uploads\/2022\/10\/FB_IMG_1627305930162.jpg","type":"image\/jpeg"}],"twitter_card":"summary_large_image","twitter_misc":{"Est. reading time":"4 minutes"},"schema":{"@context":"https:\/\/schema.org","@graph":[{"@type":"WebPage","@id":"https:\/\/morcabotours.com\/producto\/tour-en-lancha-de-cristal-al-arco\/","url":"https:\/\/morcabotours.com\/producto\/tour-en-lancha-de-cristal-al-arco\/","name":"Tour en lancha de cristal al Arco- Tours Los Cabos","isPartOf":{"@id":"https:\/\/morcabotours.com\/#website"},"primaryImageOfPage":{"@id":"https:\/\/morcabotours.com\/producto\/tour-en-lancha-de-cristal-al-arco\/#primaryimage"},"image":{"@id":"https:\/\/morcabotours.com\/producto\/tour-en-lancha-de-cristal-al-arco\/#primaryimage"},"thumbnailUrl":"https:\/\/i0.wp.com\/morcabotours.com\/wp-content\/uploads\/2022\/10\/FB_IMG_1627305930162.jpg?fit=720%2C703&ssl=1","datePublished":"2025-05-22T05:27:40+00:00","dateModified":"2025-12-05T21:05:09+00:00","description":"Tour en lancha de cristal al Arco Los Cabos, es una de las experiencias m\u00e1s populares entre quienes visitan este destino.","breadcrumb":{"@id":"https:\/\/morcabotours.com\/producto\/tour-en-lancha-de-cristal-al-arco\/#breadcrumb"},"inLanguage":"en-US","potentialAction":[{"@type":"ReadAction","target":["https:\/\/morcabotours.com\/producto\/tour-en-lancha-de-cristal-al-arco\/"]}]},{"@type":"ImageObject","inLanguage":"en-US","@id":"https:\/\/morcabotours.com\/producto\/tour-en-lancha-de-cristal-al-arco\/#primaryimage","url":"https:\/\/i0.wp.com\/morcabotours.com\/wp-content\/uploads\/2022\/10\/FB_IMG_1627305930162.jpg?fit=720%2C703&ssl=1","contentUrl":"https:\/\/i0.wp.com\/morcabotours.com\/wp-content\/uploads\/2022\/10\/FB_IMG_1627305930162.jpg?fit=720%2C703&ssl=1","width":720,"height":703,"caption":"Tour al arco en lancha de cristal"},{"@type":"BreadcrumbList","@id":"https:\/\/morcabotours.com\/producto\/tour-en-lancha-de-cristal-al-arco\/#breadcrumb","itemListElement":[{"@type":"ListItem","position":1,"name":"Home","item":"https:\/\/morcabotours.com\/"},{"@type":"ListItem","position":2,"name":"Tours en Los Cabos","item":"https:\/\/morcabotours.com\/reservar-tours-en-los-cabos\/"},{"@type":"ListItem","position":3,"name":"Tour en lancha de cristal al Arco de Los Cabos"}]},{"@type":"WebSite","@id":"https:\/\/morcabotours.com\/#website","url":"https:\/\/morcabotours.com\/","name":"Morcabo Tours","description":"Best things To Do in Cabo","publisher":{"@id":"https:\/\/morcabotours.com\/#organization"},"potentialAction":[{"@type":"SearchAction","target":{"@type":"EntryPoint","urlTemplate":"https:\/\/morcabotours.com\/?s={search_term_string}"},"query-input":{"@type":"PropertyValueSpecification","valueRequired":true,"valueName":"search_term_string"}}],"inLanguage":"en-US"},{"@type":"Organization","@id":"https:\/\/morcabotours.com\/#organization","name":"Morcabo tours Que hacer en Los Cabos.","url":"https:\/\/morcabotours.com\/","logo":{"@type":"ImageObject","inLanguage":"en-US","@id":"https:\/\/morcabotours.com\/#\/schema\/logo\/image\/","url":"https:\/\/i0.wp.com\/morcabotours.com\/wp-content\/uploads\/2026\/03\/MORCABO-LOGO-HORIZONTAL.png?fit=1000%2C500&ssl=1","contentUrl":"https:\/\/i0.wp.com\/morcabotours.com\/wp-content\/uploads\/2026\/03\/MORCABO-LOGO-HORIZONTAL.png?fit=1000%2C500&ssl=1","width":1000,"height":500,"caption":"Morcabo tours Que hacer en Los Cabos."},"image":{"@id":"https:\/\/morcabotours.com\/#\/schema\/logo\/image\/"},"sameAs":["https:\/\/www.facebook.com\/Morcabo\/","https:\/\/www.instagram.com\/morcabotoursenloscabos\/","https:\/\/www.tiktok.com\/@morcabotours"]}]}},"uagb_featured_image_src":{"full":["https:\/\/i0.wp.com\/morcabotours.com\/wp-content\/uploads\/2022\/10\/FB_IMG_1627305930162.jpg?fit=720%2C703&ssl=1",720,703,false],"thumbnail":["https:\/\/i0.wp.com\/morcabotours.com\/wp-content\/uploads\/2022\/10\/FB_IMG_1627305930162.jpg?resize=150%2C150&ssl=1",150,150,true],"medium":["https:\/\/i0.wp.com\/morcabotours.com\/wp-content\/uploads\/2022\/10\/FB_IMG_1627305930162.jpg?fit=300%2C293&ssl=1",300,293,true],"medium_large":["https:\/\/i0.wp.com\/morcabotours.com\/wp-content\/uploads\/2022\/10\/FB_IMG_1627305930162.jpg?fit=720%2C703&ssl=1",720,703,true],"large":["https:\/\/i0.wp.com\/morcabotours.com\/wp-content\/uploads\/2022\/10\/FB_IMG_1627305930162.jpg?fit=720%2C703&ssl=1",720,703,true],"1536x1536":["https:\/\/i0.wp.com\/morcabotours.com\/wp-content\/uploads\/2022\/10\/FB_IMG_1627305930162.jpg?fit=720%2C703&ssl=1",720,703,true],"2048x2048":["https:\/\/i0.wp.com\/morcabotours.com\/wp-content\/uploads\/2022\/10\/FB_IMG_1627305930162.jpg?fit=720%2C703&ssl=1",720,703,true],"trp-custom-language-flag":["https:\/\/i0.wp.com\/morcabotours.com\/wp-content\/uploads\/2022\/10\/FB_IMG_1627305930162.jpg?fit=12%2C12&ssl=1",12,12,true],"woocommerce_archive_thumbnail":["https:\/\/i0.wp.com\/morcabotours.com\/wp-content\/uploads\/2022\/10\/FB_IMG_1627305930162.jpg?resize=300%2C300&ssl=1",300,300,true],"woocommerce_thumbnail":["https:\/\/i0.wp.com\/morcabotours.com\/wp-content\/uploads\/2022\/10\/FB_IMG_1627305930162.jpg?resize=300%2C300&ssl=1",300,300,true],"woocommerce_single":["https:\/\/i0.wp.com\/morcabotours.com\/wp-content\/uploads\/2022\/10\/FB_IMG_1627305930162.jpg?fit=600%2C586&ssl=1",600,586,true],"woocommerce_gallery_thumbnail":["https:\/\/i0.wp.com\/morcabotours.com\/wp-content\/uploads\/2022\/10\/FB_IMG_1627305930162.jpg?resize=100%2C100&ssl=1",100,100,true]},"uagb_author_info":{"display_name":"Daniel Campos","author_link":"https:\/\/morcabotours.com\/en\/author\/"},"uagb_comment_info":0,"uagb_excerpt":"[trustindex data-widget-id=\"[trustindex data-widget-id=868d11f242ab6822ff2652511a3] Qu\u00e9 est\u00e1 incluido Tour en lancha de cristal al Arco \u00bfQu\u00e9 incluye el tour? \u2714 Visita el Arco de Los Cabos. \u2714 Recorrido en lancha de cristal (\u00fanica en Los Cabos). \u2714 Vista panor\u00e1mica de la vida marina sin necesidad de equipo de snorkel. \u2714 Capit\u00e1n y gu\u00eda certificado para una experiencia&hellip;","jetpack_sharing_enabled":true,"_links":{"self":[{"href":"https:\/\/morcabotours.com\/en\/wp-json\/wp\/v2\/product\/3117","targetHints":{"allow":["GET"]}}],"collection":[{"href":"https:\/\/morcabotours.com\/en\/wp-json\/wp\/v2\/product"}],"about":[{"href":"https:\/\/morcabotours.com\/en\/wp-json\/wp\/v2\/types\/product"}],"wp:featuredmedia":[{"embeddable":true,"href":"https:\/\/morcabotours.com\/en\/wp-json\/wp\/v2\/media\/1364"}],"wp:attachment":[{"href":"https:\/\/morcabotours.com\/en\/wp-json\/wp\/v2\/media?parent=3117"}],"wp:term":[{"taxonomy":"product_brand","embeddable":true,"href":"https:\/\/morcabotours.com\/en\/wp-json\/wp\/v2\/product_brand?post=3117"},{"taxonomy":"product_cat","embeddable":true,"href":"https:\/\/morcabotours.com\/en\/wp-json\/wp\/v2\/product_cat?post=3117"},{"taxonomy":"product_tag","embeddable":true,"href":"https:\/\/morcabotours.com\/en\/wp-json\/wp\/v2\/product_tag?post=3117"}],"curies":[{"name":"wp","href":"https:\/\/api.w.org\/{rel}","templated":true}]}}