{"id":2833,"date":"2025-05-28T18:40:45","date_gmt":"2025-05-29T01:40:45","guid":{"rendered":"https:\/\/morcabotours.com\/?post_type=product&#038;p=2833"},"modified":"2026-03-20T11:20:05","modified_gmt":"2026-03-20T18:20:05","slug":"tour-al-arco-playa","status":"publish","type":"product","link":"https:\/\/morcabotours.com\/en\/product\/tour-al-arco-playa\/","title":{"rendered":"Arch Tour &amp; Beach Time"},"content":{"rendered":"<h2 class=\"wp-block-heading\" style=\"text-align: left;\"><div data-src=\"https:\/\/cdn.trustindex.io\/loader.js?868d11f242ab6822ff2652511a3\"><\/div><\/h2>\n<div class=\"section\" tabindex=\"0\" data-v-6e564eaf=\"\" data-v-3bd1aa0a=\"\" data-test-id=\"activity-details-display-section\">\n<div class=\"heading\" data-v-6e564eaf=\"\">\n<div class=\"heading-left\" data-v-6e564eaf=\"\">\n<h1 data-v-6e564eaf=\"\">El Tour Al Arco + playa del amor.<\/h1>\n<\/div>\n<div class=\"chevron-container\" data-v-6e564eaf=\"\">\n<div class=\"chevron expanded\" data-v-6e564eaf=\"\">Emb\u00e1rcate en un recorrido en lancha tradicional al Tour al arco +playa \u00a0para descubrir las maravillas de Los Cabos. Navegaremos hasta el famoso Arco, pasando por la colonia de lobos marinos, Playa del Amor y el Fin de la Tierra.<\/div>\n<\/div>\n<\/div>\n<div class=\"content\" data-v-6e564eaf=\"\">\n<div class=\"subsection\" data-v-3bd1aa0a=\"\" data-v-6e564eaf-s=\"\" data-test-id=\"activity-details-fields-description-display\">\n<div class=\"content-builder-markdown-view\" data-v-5ecb7dfc=\"\" data-v-3bd1aa0a=\"\" data-v-6e564eaf-s=\"\">\n<p>Si lo deseas, puedes bajar en la Playa del Amor la \u00fanica playa en Cabo que conecta el Mar de Cort\u00e9s y el Oc\u00e9ano Pac\u00edfico (o en la playa que tenga mejores condiciones del clima). El tiempo m\u00ednimo en la playa es de 1 hora, pero puedes coordinar con el capit\u00e1n tu hora de regreso.<\/p>\n<p>\ud83d\udccc <strong>Importante<\/strong>: La bajada en la playa depende de las condiciones del clima y la marea te sugerimos ampliamente que tomes una foto de la lancha para que recuerdes el nombre de la misma, mismo lugar que los baja; mismo lugar que los recoge.<\/p>\n<\/div>\n<\/div>\n<div class=\"subsection\" data-v-3bd1aa0a=\"\" data-v-6e564eaf-s=\"\" data-test-id=\"activity-details-fields-what-is-included-display\">\n<h2 data-v-3bd1aa0a=\"\" data-v-6e564eaf-s=\"\">Qu\u00e9 est\u00e1 incluido en el Tour Al Arco + playa.<\/h2>\n<div class=\"content-builder-markdown-view\" data-v-5ecb7dfc=\"\" data-v-3bd1aa0a=\"\" data-v-6e564eaf-s=\"\">\n<p>\u00bfQu\u00e9 incluye el tour?<br \/>\n\u2714 Recorrido en lancha tradicional.<br \/>\n\u2714 Visita a las formaciones rocosas m\u00e1s emblem\u00e1ticas de Los Cabos.<br \/>\n\u2714 1 bajada en Playa del Amor \u00a0(sujeto a condiciones del clima o en la playa que tenga mejores condiciones del clima).<br \/>\n\u2714 Capit\u00e1n certificado.<br \/>\n\u2714 Chaleco salvavidas obligatorio durante el recorrido.<\/p>\n<\/div>\n<\/div>\n<div class=\"subsection\" data-v-3bd1aa0a=\"\" data-v-6e564eaf-s=\"\" data-test-id=\"activity-details-fields-what-is-not-included-display\">\n<h2 data-v-3bd1aa0a=\"\" data-v-6e564eaf-s=\"\">\u00bfQu\u00e9 no est\u00e1 incluido?<\/h2>\n<div class=\"content-builder-markdown-view\" data-v-5ecb7dfc=\"\" data-v-3bd1aa0a=\"\" data-v-6e564eaf-s=\"\">\n<p>\u2718 Propinas.<br \/>\n\u2718 Souvenirs.<br \/>\n\u2718 Fotograf\u00edas profesionales.<br \/>\n\u2718 Transporte al punto de encuentro.<\/p>\n<\/div>\n<\/div>\n<div class=\"subsection\" data-v-3bd1aa0a=\"\" data-v-6e564eaf-s=\"\" data-test-id=\"activity-details-fields-itinerary-display\">\n<h2 data-v-3bd1aa0a=\"\" data-v-6e564eaf-s=\"\">Itinerario<\/h2>\n<div class=\"content-builder-markdown-view\" data-v-5ecb7dfc=\"\" data-v-3bd1aa0a=\"\" data-v-6e564eaf-s=\"\">\n<p>1\ufe0f\u20e3 Check-in y registro: Llega a la marina de Cabo San Lucas y prep\u00e1rate para abordar.<br \/>\n2\ufe0f\u20e3 Inicio del recorrido: Salida en lancha tradicional con fondo de cristal.<br \/>\n3\ufe0f\u20e3 Visita a los principales puntos de inter\u00e9s:<\/p>\n<ul>\n<li>Sea lion colony<\/li>\n<li>Lover's Beach<\/li>\n<li>Divorce Beach<\/li>\n<li>Fin de la Tierra<\/li>\n<li>El Arco de Los Cabos<\/li>\n<\/ul>\n<p>4\ufe0f\u20e3 Opci\u00f3n de bajada en Playa del Amor: Tiempo m\u00ednimo de 1 hora (ultima recogida es a \u00a0las 4:30 PM).<br \/>\n5\ufe0f\u20e3 Regreso a la marina: El recorrido completo dura 45 minutos si decides no bajar en la playa.<\/p>\n<p>\ud83d\udccc Nota: Puede haber ligeras variaciones en los horarios debido al tr\u00e1fico marino. Te recomendamos estar atento en el punto de recogida. Te sugerimos ampliamente que tomes una foto de la lancha para que recuerdes el nombre de la misma, mismo lugar que los baja; mismo lugar que los recoge.<\/p>\n<\/div>\n<\/div>\n<div class=\"subsection\" data-v-3bd1aa0a=\"\" data-v-6e564eaf-s=\"\" data-test-id=\"activity-details-fields-highlights-display\">\n<h2 data-v-3bd1aa0a=\"\" data-v-6e564eaf-s=\"\">Puntos fuertes<\/h2>\n<div class=\"content-builder-markdown-view\" data-v-5ecb7dfc=\"\" data-v-3bd1aa0a=\"\" data-v-6e564eaf-s=\"\">\n<p>\u2705 Ideal para quienes buscan un recorrido corto.<br \/>\n\u2705 \u00danica embarcaci\u00f3n que funciona como taxi acu\u00e1tico con opci\u00f3n de bajada en playa.<br \/>\n\u2705 Puedes hacer el tour tan extenso como desees si decides quedarte en la playa, hay un regreso cada hora.<br \/>\n\u2705 Vistas impresionantes del Arco y el Fin de la Tierra.<br \/>\n\u2705 Oportunidad de nadar en una playa virgen sin aglomeraciones.<\/p>\n<\/div>\n<\/div>\n<\/div>\n<\/div>\n<div class=\"section\" tabindex=\"0\" data-v-6e564eaf=\"\" data-v-3bd1aa0a=\"\" data-test-id=\"additional-information-display-section\">\n<div class=\"heading\" data-v-6e564eaf=\"\">\n<div class=\"heading-left\" data-v-6e564eaf=\"\">\n<h1 data-v-6e564eaf=\"\">Informaci\u00f3n adicional<\/h1>\n<\/div>\n<div class=\"chevron-container\" data-v-6e564eaf=\"\">\n<div class=\"chevron expanded\" data-v-6e564eaf=\"\"><\/div>\n<\/div>\n<\/div>\n<div class=\"content\" data-v-6e564eaf=\"\">\n<div class=\"subsection\" data-v-3bd1aa0a=\"\" data-v-6e564eaf-s=\"\" data-test-id=\"additional-information-fields-check-in-details-display\">\n<h2 data-v-3bd1aa0a=\"\" data-v-6e564eaf-s=\"\">Datos de validaci\u00f3n<\/h2>\n<div class=\"content-builder-markdown-view\" data-v-5ecb7dfc=\"\" data-v-3bd1aa0a=\"\" data-v-6e564eaf-s=\"\">\n<ul>\n<li>Es un tour compartido, por lo que es importante ser puntual en el check-in.<\/li>\n<li>Si bajas en la playa, respeta el horario de recogida acordado con el capit\u00e1n.<\/li>\n<li>Puede haber una variaci\u00f3n de hasta 15 minutos en la recogida. Si hay retrasos mayores, contacta a la oficina solicita el numero de contacto en el check in.<\/li>\n<li>Puedes llevar hielera con bebidas y botanas, ya que en la playa no hay tiendas ni ba\u00f1os ya que en estas playas no hay servicios como ba\u00f1os ni restaurantes.<\/li>\n<li>La bajada en playa depende de las condiciones del clima y la marea.<\/li>\n<\/ul>\n<\/div>\n<\/div>\n<div class=\"subsection\" data-v-3bd1aa0a=\"\" data-v-6e564eaf-s=\"\" data-test-id=\"additional-information-fields-what-to-bring-display\">\n<h2 data-v-3bd1aa0a=\"\" data-v-6e564eaf-s=\"\">Qu\u00e9 hay que llevar<\/h2>\n<div class=\"content-builder-markdown-view\" data-v-5ecb7dfc=\"\" data-v-3bd1aa0a=\"\" data-v-6e564eaf-s=\"\">\n<p>\ud83d\udccc Bloqueador solar biodegradable.<br \/>\n\ud83d\udccc Gorra o sombrero.<br \/>\n\ud83d\udccc Traje de ba\u00f1o para disfrutar de la playa.<br \/>\n\ud83d\udccc Hielera con bebidas y botanas (sin envases de vidrio).<br \/>\n\ud83d\udccc Dinero en efectivo para propinas y souvenirs.<\/p>\n<\/div>\n<\/div>\n<div class=\"subsection\" data-v-3bd1aa0a=\"\" data-v-6e564eaf-s=\"\" data-test-id=\"additional-information-fields-special-requirements-display\">\n<div class=\"content-builder-markdown-view\" data-v-5ecb7dfc=\"\" data-v-3bd1aa0a=\"\" data-v-6e564eaf-s=\"\">\n<p><strong>-Informaci\u00f3n Importante para Personas con Movilidad Reducida:<\/strong><\/p>\n<p>-Accesibilidad limitada: Las playas visitadas no cuentan con muelles para el ascenso y descenso de personas con alguna discapacidad.<\/p>\n<p>-Sin servicios en playa: No hay ba\u00f1os ni otras comodidades en las playas.<\/p>\n<p>-Si viajas con silla de ruedas: El acceso puede ser dif\u00edcil. Si la persona puede caminar un poco, es posible bajar en silla de ruedas al muelle para abordar la embarcaci\u00f3n y luego regresar la silla a la oficina.<\/p>\n<p>-El uso del chaleco se proporciona en la embarcaci\u00f3n y es para el uso exclusivo en la misma.<\/p>\n<p>-El chaleco durante la estancia en la playa no esta incluido.<\/p>\n<\/div>\n<\/div>\n<div class=\"subsection\" data-v-3bd1aa0a=\"\" data-v-6e564eaf-s=\"\" data-test-id=\"additional-information-fields-restrictions-display\">\n<h2 data-v-3bd1aa0a=\"\" data-v-6e564eaf-s=\"\">Restricciones<\/h2>\n<div class=\"content-builder-markdown-view\" data-v-5ecb7dfc=\"\" data-v-3bd1aa0a=\"\" data-v-6e564eaf-s=\"\">\n<p>-Mujeres embarazadas con alto riesgo no pueden participar.<\/p>\n<\/div>\n<\/div>\n<div class=\"subsection\" data-v-3bd1aa0a=\"\" data-v-6e564eaf-s=\"\" data-test-id=\"additional-information-fields-extras-display\">\n<h2 data-v-3bd1aa0a=\"\" data-v-6e564eaf-s=\"\">Extras<\/h2>\n<div class=\"content-builder-markdown-view\" data-v-5ecb7dfc=\"\" data-v-3bd1aa0a=\"\" data-v-6e564eaf-s=\"\">\n<p>Fotografias.<\/p>\n<\/div>\n<\/div>\n<div class=\"subsection\" data-v-3bd1aa0a=\"\" data-v-6e564eaf-s=\"\" data-test-id=\"additional-information-fields-disclaimers-display\">\n<h2 data-v-3bd1aa0a=\"\" data-v-6e564eaf-s=\"\">Descargos de responsabilidad<\/h2>\n<div class=\"content-builder-markdown-view\" data-v-5ecb7dfc=\"\" data-v-3bd1aa0a=\"\" data-v-6e564eaf-s=\"\">\n<p>Morcabo Tours act\u00faa \u00fanicamente como intermediario en la organizaci\u00f3n del tour, por lo que no se hace responsable por:<\/p>\n<ul>\n<li>Retrasos o cancelaciones debido a factores externos como clima o disponibilidad.<\/li>\n<li>Objetos perdidos u olvidados durante el recorrido.<\/li>\n<li>Incidentes personales, como mareos o accidentes.<\/li>\n<li>Llegadas tard\u00edas: Si el cliente no llega a tiempo, perder\u00e1 su reserva sin derecho a reembolso ni reprogramaci\u00f3n.<br \/>\nAl reservar, el cliente acepta estas condiciones y exonera a Morcabo Tours de cualquier responsabilidad.<\/li>\n<\/ul>\n<\/div>\n<\/div>\n<\/div>\n<\/div>\n<div class=\"section\" tabindex=\"0\" data-v-6e564eaf=\"\" data-v-3bd1aa0a=\"\" data-test-id=\"faq-display-section\">\n<div class=\"heading\" data-v-6e564eaf=\"\">\n<div class=\"heading-left\" data-v-6e564eaf=\"\">\n<h2>Preguntas frecuentes<\/h2>\n<h2><span style=\"font-size: 16px;\">1\ufe0f\u20e3 \u00bfCu\u00e1nto dura el recorrido si no bajo en la playa?<\/span><\/h2>\n<\/div>\n<\/div>\n<div class=\"content\" data-v-6e564eaf=\"\">\n<div class=\"content-builder-markdown-view\" data-v-5ecb7dfc=\"\" data-v-3bd1aa0a=\"\" data-v-6e564eaf-s=\"\">\n<p>Aproximadamente 45 minutos.<\/p>\n<p>2\ufe0f\u20e3 <strong>\u00bfCu\u00e1nto tiempo puedo quedarme en la playa?<\/strong><br \/>\nEl tiempo m\u00ednimo es 1 hora, pero puedes quedarte m\u00e1s tiempo y coordinar tu regreso con el capit\u00e1n.<\/p>\n<p>3\ufe0f\u20e3 \u00bfC\u00f3mo s\u00e9 cu\u00e1ndo debo regresar si baj\u00e9 en la playa?<br \/>\nDebes esperar en el punto de recogida a la hora acordada. El \u00faltimo regreso es a las 4:30 PM.<\/p>\n<p>4\ufe0f\u20e3 \u00bfQu\u00e9 pasa si la marea est\u00e1 alta y no puedo bajar en la playa?<br \/>\nEn ese caso, el recorrido se har\u00e1 sin bajada, pero disfrutar\u00e1s del tour en lancha con las mejores vistas.<\/p>\n<p>5\ufe0f\u20e3 \u00bfPuedo llevar comida y bebidas?<br \/>\nS\u00ed, puedes traer una hielera con bebidas y botanas (sin envases de vidrio).<\/p>\n<\/div>\n<\/div>\n<\/div>","protected":false},"excerpt":{"rendered":"<p>\u00bfQu\u00e9 incluye el tour?<br \/>\n\u2714 Recorrido en lancha tradicional.<br \/>\n\u2714 Visita a las formaciones rocosas m\u00e1s emblem\u00e1ticas de Los Cabos.<br \/>\n\u2714 1 bajada en Playa del Amor o Playa del Divorcio (sujeto a condiciones del clima o en la playa que tenga mejores condiciones del clima).<br \/>\n\u2714 Capit\u00e1n certificado.<br \/>\n\u2714 Chaleco salvavidas obligatorio durante el recorrido.<\/p>\n<div data-src=\"https:\/\/cdn.trustindex.io\/loader.js?868d11f242ab6822ff2652511a3\"><\/div>","protected":false},"featured_media":3724,"template":"","meta":{"_uag_custom_page_level_css":"","WB4WB4WP_MODE":"","WB4WP_PAGE_SCRIPTS":"","WB4WP_PAGE_STYLES":"","WB4WP_PAGE_FONTS":"","WB4WP_PAGE_HEADER":"","WB4WP_PAGE_FOOTER":"","_themeisle_gutenberg_block_has_review":false,"jetpack_post_was_ever_published":false,"_joinchat":{"telephone":"+526241001203","message_text":"Asesoria gratis"}},"product_brand":[],"product_cat":[43],"product_tag":[],"class_list":{"0":"post-2833","1":"product","2":"type-product","3":"status-publish","4":"has-post-thumbnail","6":"product_cat-tours-en-los-cabos-mas-pedidos","8":"first","9":"instock","10":"featured","11":"shipping-taxable","12":"product-type-external"},"yoast_head":"<!-- This site is optimized with the Yoast SEO plugin v27.4 - https:\/\/yoast.com\/product\/yoast-seo-wordpress\/ -->\n<title>Tour al arco + playa - Morcabo Tours Los Cabos<\/title>\n<meta name=\"description\" content=\"Tour al arco + playa en Los Cabos, es una de las experiencias m\u00e1s populares entre quienes visitan este destino. Visita la playa del amor o alguna otra playa\" \/>\n<meta name=\"robots\" content=\"index, follow, max-snippet:-1, max-image-preview:large, max-video-preview:-1\" \/>\n<link rel=\"canonical\" href=\"https:\/\/morcabotours.com\/en\/product\/tour-al-arco-playa\/\" \/>\n<meta property=\"og:locale\" content=\"en_US\" \/>\n<meta property=\"og:type\" content=\"article\" \/>\n<meta property=\"og:title\" content=\"Tour al arco + playa - Morcabo Tours Los Cabos\" \/>\n<meta property=\"og:description\" content=\"Tour al arco + playa en Los Cabos, es una de las experiencias m\u00e1s populares entre quienes visitan este destino. Visita la playa del amor o alguna otra playa\" \/>\n<meta property=\"og:url\" content=\"https:\/\/morcabotours.com\/en\/product\/tour-al-arco-playa\/\" \/>\n<meta property=\"og:site_name\" content=\"Morcabo Tours\" \/>\n<meta property=\"article:publisher\" content=\"https:\/\/www.facebook.com\/Morcabo\/\" \/>\n<meta property=\"article:modified_time\" content=\"2026-03-20T18:20:05+00:00\" \/>\n<meta property=\"og:image\" content=\"https:\/\/morcabotours.com\/wp-content\/uploads\/2026\/03\/Arco-de-Los-Cabos.webp\" \/>\n\t<meta property=\"og:image:width\" content=\"1125\" \/>\n\t<meta property=\"og:image:height\" content=\"1358\" \/>\n\t<meta property=\"og:image:type\" content=\"image\/webp\" \/>\n<meta name=\"twitter:card\" content=\"summary_large_image\" \/>\n<meta name=\"twitter:label1\" content=\"Est. reading time\" \/>\n\t<meta name=\"twitter:data1\" content=\"5 minutes\" \/>\n<script type=\"application\/ld+json\" class=\"yoast-schema-graph\">{\"@context\":\"https:\\\/\\\/schema.org\",\"@graph\":[{\"@type\":\"WebPage\",\"@id\":\"https:\\\/\\\/morcabotours.com\\\/producto\\\/tour-al-arco-playa\\\/\",\"url\":\"https:\\\/\\\/morcabotours.com\\\/producto\\\/tour-al-arco-playa\\\/\",\"name\":\"Tour al arco + playa - Morcabo Tours Los Cabos\",\"isPartOf\":{\"@id\":\"https:\\\/\\\/morcabotours.com\\\/#website\"},\"primaryImageOfPage\":{\"@id\":\"https:\\\/\\\/morcabotours.com\\\/producto\\\/tour-al-arco-playa\\\/#primaryimage\"},\"image\":{\"@id\":\"https:\\\/\\\/morcabotours.com\\\/producto\\\/tour-al-arco-playa\\\/#primaryimage\"},\"thumbnailUrl\":\"https:\\\/\\\/i0.wp.com\\\/morcabotours.com\\\/wp-content\\\/uploads\\\/2026\\\/03\\\/Arco-de-Los-Cabos.webp?fit=1125%2C1358&ssl=1\",\"datePublished\":\"2025-05-29T01:40:45+00:00\",\"dateModified\":\"2026-03-20T18:20:05+00:00\",\"description\":\"Tour al arco + playa en Los Cabos, es una de las experiencias m\u00e1s populares entre quienes visitan este destino. Visita la playa del amor o alguna otra playa\",\"breadcrumb\":{\"@id\":\"https:\\\/\\\/morcabotours.com\\\/producto\\\/tour-al-arco-playa\\\/#breadcrumb\"},\"inLanguage\":\"en-US\",\"potentialAction\":[{\"@type\":\"ReadAction\",\"target\":[\"https:\\\/\\\/morcabotours.com\\\/producto\\\/tour-al-arco-playa\\\/\"]}]},{\"@type\":\"ImageObject\",\"inLanguage\":\"en-US\",\"@id\":\"https:\\\/\\\/morcabotours.com\\\/producto\\\/tour-al-arco-playa\\\/#primaryimage\",\"url\":\"https:\\\/\\\/i0.wp.com\\\/morcabotours.com\\\/wp-content\\\/uploads\\\/2026\\\/03\\\/Arco-de-Los-Cabos.webp?fit=1125%2C1358&ssl=1\",\"contentUrl\":\"https:\\\/\\\/i0.wp.com\\\/morcabotours.com\\\/wp-content\\\/uploads\\\/2026\\\/03\\\/Arco-de-Los-Cabos.webp?fit=1125%2C1358&ssl=1\",\"width\":1125,\"height\":1358},{\"@type\":\"BreadcrumbList\",\"@id\":\"https:\\\/\\\/morcabotours.com\\\/producto\\\/tour-al-arco-playa\\\/#breadcrumb\",\"itemListElement\":[{\"@type\":\"ListItem\",\"position\":1,\"name\":\"Home\",\"item\":\"https:\\\/\\\/morcabotours.com\\\/\"},{\"@type\":\"ListItem\",\"position\":2,\"name\":\"Tours en Los Cabos\",\"item\":\"https:\\\/\\\/morcabotours.com\\\/reservar-tours-en-los-cabos\\\/\"},{\"@type\":\"ListItem\",\"position\":3,\"name\":\"Tour al arco y Tiempo en Playa.\"}]},{\"@type\":\"WebSite\",\"@id\":\"https:\\\/\\\/morcabotours.com\\\/#website\",\"url\":\"https:\\\/\\\/morcabotours.com\\\/\",\"name\":\"Morcabo Tours\",\"description\":\"Los Mejores Tours en Los Cabos.\",\"publisher\":{\"@id\":\"https:\\\/\\\/morcabotours.com\\\/#organization\"},\"potentialAction\":[{\"@type\":\"SearchAction\",\"target\":{\"@type\":\"EntryPoint\",\"urlTemplate\":\"https:\\\/\\\/morcabotours.com\\\/?s={search_term_string}\"},\"query-input\":{\"@type\":\"PropertyValueSpecification\",\"valueRequired\":true,\"valueName\":\"search_term_string\"}}],\"inLanguage\":\"en-US\"},{\"@type\":\"Organization\",\"@id\":\"https:\\\/\\\/morcabotours.com\\\/#organization\",\"name\":\"Morcabo tours Que hacer en Los Cabos.\",\"url\":\"https:\\\/\\\/morcabotours.com\\\/\",\"logo\":{\"@type\":\"ImageObject\",\"inLanguage\":\"en-US\",\"@id\":\"https:\\\/\\\/morcabotours.com\\\/#\\\/schema\\\/logo\\\/image\\\/\",\"url\":\"https:\\\/\\\/i0.wp.com\\\/morcabotours.com\\\/wp-content\\\/uploads\\\/2026\\\/03\\\/MORCABO-LOGO-HORIZONTAL.png?fit=1000%2C500&ssl=1\",\"contentUrl\":\"https:\\\/\\\/i0.wp.com\\\/morcabotours.com\\\/wp-content\\\/uploads\\\/2026\\\/03\\\/MORCABO-LOGO-HORIZONTAL.png?fit=1000%2C500&ssl=1\",\"width\":1000,\"height\":500,\"caption\":\"Morcabo tours Que hacer en Los Cabos.\"},\"image\":{\"@id\":\"https:\\\/\\\/morcabotours.com\\\/#\\\/schema\\\/logo\\\/image\\\/\"},\"sameAs\":[\"https:\\\/\\\/www.facebook.com\\\/Morcabo\\\/\",\"https:\\\/\\\/www.instagram.com\\\/morcabotoursenloscabos\\\/\",\"https:\\\/\\\/www.tiktok.com\\\/@morcabotours\"]}]}<\/script>\n<!-- \/ Yoast SEO plugin. -->","yoast_head_json":{"title":"Tour al arco + playa - Morcabo Tours Los Cabos","description":"Tour al arco + playa en Los Cabos, es una de las experiencias m\u00e1s populares entre quienes visitan este destino. Visita la playa del amor o alguna otra playa","robots":{"index":"index","follow":"follow","max-snippet":"max-snippet:-1","max-image-preview":"max-image-preview:large","max-video-preview":"max-video-preview:-1"},"canonical":"https:\/\/morcabotours.com\/en\/product\/tour-al-arco-playa\/","og_locale":"en_US","og_type":"article","og_title":"Tour al arco + playa - Morcabo Tours Los Cabos","og_description":"Tour al arco + playa en Los Cabos, es una de las experiencias m\u00e1s populares entre quienes visitan este destino. Visita la playa del amor o alguna otra playa","og_url":"https:\/\/morcabotours.com\/en\/product\/tour-al-arco-playa\/","og_site_name":"Morcabo Tours","article_publisher":"https:\/\/www.facebook.com\/Morcabo\/","article_modified_time":"2026-03-20T18:20:05+00:00","og_image":[{"width":1125,"height":1358,"url":"https:\/\/morcabotours.com\/wp-content\/uploads\/2026\/03\/Arco-de-Los-Cabos.webp","type":"image\/webp"}],"twitter_card":"summary_large_image","twitter_misc":{"Est. reading time":"5 minutes"},"schema":{"@context":"https:\/\/schema.org","@graph":[{"@type":"WebPage","@id":"https:\/\/morcabotours.com\/producto\/tour-al-arco-playa\/","url":"https:\/\/morcabotours.com\/producto\/tour-al-arco-playa\/","name":"Tour al arco + playa - Morcabo Tours Los Cabos","isPartOf":{"@id":"https:\/\/morcabotours.com\/#website"},"primaryImageOfPage":{"@id":"https:\/\/morcabotours.com\/producto\/tour-al-arco-playa\/#primaryimage"},"image":{"@id":"https:\/\/morcabotours.com\/producto\/tour-al-arco-playa\/#primaryimage"},"thumbnailUrl":"https:\/\/i0.wp.com\/morcabotours.com\/wp-content\/uploads\/2026\/03\/Arco-de-Los-Cabos.webp?fit=1125%2C1358&ssl=1","datePublished":"2025-05-29T01:40:45+00:00","dateModified":"2026-03-20T18:20:05+00:00","description":"Tour al arco + playa en Los Cabos, es una de las experiencias m\u00e1s populares entre quienes visitan este destino. Visita la playa del amor o alguna otra playa","breadcrumb":{"@id":"https:\/\/morcabotours.com\/producto\/tour-al-arco-playa\/#breadcrumb"},"inLanguage":"en-US","potentialAction":[{"@type":"ReadAction","target":["https:\/\/morcabotours.com\/producto\/tour-al-arco-playa\/"]}]},{"@type":"ImageObject","inLanguage":"en-US","@id":"https:\/\/morcabotours.com\/producto\/tour-al-arco-playa\/#primaryimage","url":"https:\/\/i0.wp.com\/morcabotours.com\/wp-content\/uploads\/2026\/03\/Arco-de-Los-Cabos.webp?fit=1125%2C1358&ssl=1","contentUrl":"https:\/\/i0.wp.com\/morcabotours.com\/wp-content\/uploads\/2026\/03\/Arco-de-Los-Cabos.webp?fit=1125%2C1358&ssl=1","width":1125,"height":1358},{"@type":"BreadcrumbList","@id":"https:\/\/morcabotours.com\/producto\/tour-al-arco-playa\/#breadcrumb","itemListElement":[{"@type":"ListItem","position":1,"name":"Home","item":"https:\/\/morcabotours.com\/"},{"@type":"ListItem","position":2,"name":"Tours en Los Cabos","item":"https:\/\/morcabotours.com\/reservar-tours-en-los-cabos\/"},{"@type":"ListItem","position":3,"name":"Tour al arco y Tiempo en Playa."}]},{"@type":"WebSite","@id":"https:\/\/morcabotours.com\/#website","url":"https:\/\/morcabotours.com\/","name":"Morcabo Tours","description":"Best things To Do in Cabo","publisher":{"@id":"https:\/\/morcabotours.com\/#organization"},"potentialAction":[{"@type":"SearchAction","target":{"@type":"EntryPoint","urlTemplate":"https:\/\/morcabotours.com\/?s={search_term_string}"},"query-input":{"@type":"PropertyValueSpecification","valueRequired":true,"valueName":"search_term_string"}}],"inLanguage":"en-US"},{"@type":"Organization","@id":"https:\/\/morcabotours.com\/#organization","name":"Morcabo tours Que hacer en Los Cabos.","url":"https:\/\/morcabotours.com\/","logo":{"@type":"ImageObject","inLanguage":"en-US","@id":"https:\/\/morcabotours.com\/#\/schema\/logo\/image\/","url":"https:\/\/i0.wp.com\/morcabotours.com\/wp-content\/uploads\/2026\/03\/MORCABO-LOGO-HORIZONTAL.png?fit=1000%2C500&ssl=1","contentUrl":"https:\/\/i0.wp.com\/morcabotours.com\/wp-content\/uploads\/2026\/03\/MORCABO-LOGO-HORIZONTAL.png?fit=1000%2C500&ssl=1","width":1000,"height":500,"caption":"Morcabo tours Que hacer en Los Cabos."},"image":{"@id":"https:\/\/morcabotours.com\/#\/schema\/logo\/image\/"},"sameAs":["https:\/\/www.facebook.com\/Morcabo\/","https:\/\/www.instagram.com\/morcabotoursenloscabos\/","https:\/\/www.tiktok.com\/@morcabotours"]}]}},"uagb_featured_image_src":{"full":["https:\/\/i0.wp.com\/morcabotours.com\/wp-content\/uploads\/2026\/03\/Arco-de-Los-Cabos.webp?fit=1125%2C1358&ssl=1",1125,1358,false],"thumbnail":["https:\/\/i0.wp.com\/morcabotours.com\/wp-content\/uploads\/2026\/03\/Arco-de-Los-Cabos.webp?resize=150%2C150&ssl=1",150,150,true],"medium":["https:\/\/i0.wp.com\/morcabotours.com\/wp-content\/uploads\/2026\/03\/Arco-de-Los-Cabos.webp?fit=249%2C300&ssl=1",249,300,true],"medium_large":["https:\/\/i0.wp.com\/morcabotours.com\/wp-content\/uploads\/2026\/03\/Arco-de-Los-Cabos.webp?fit=768%2C927&ssl=1",768,927,true],"large":["https:\/\/i0.wp.com\/morcabotours.com\/wp-content\/uploads\/2026\/03\/Arco-de-Los-Cabos.webp?fit=848%2C1024&ssl=1",848,1024,true],"1536x1536":["https:\/\/i0.wp.com\/morcabotours.com\/wp-content\/uploads\/2026\/03\/Arco-de-Los-Cabos.webp?fit=1125%2C1358&ssl=1",1125,1358,true],"2048x2048":["https:\/\/i0.wp.com\/morcabotours.com\/wp-content\/uploads\/2026\/03\/Arco-de-Los-Cabos.webp?fit=1125%2C1358&ssl=1",1125,1358,true],"trp-custom-language-flag":["https:\/\/i0.wp.com\/morcabotours.com\/wp-content\/uploads\/2026\/03\/Arco-de-Los-Cabos.webp?fit=10%2C12&ssl=1",10,12,true],"woocommerce_archive_thumbnail":["https:\/\/i0.wp.com\/morcabotours.com\/wp-content\/uploads\/2026\/03\/Arco-de-Los-Cabos.webp?resize=300%2C300&ssl=1",300,300,true],"woocommerce_thumbnail":["https:\/\/i0.wp.com\/morcabotours.com\/wp-content\/uploads\/2026\/03\/Arco-de-Los-Cabos.webp?resize=300%2C300&ssl=1",300,300,true],"woocommerce_single":["https:\/\/i0.wp.com\/morcabotours.com\/wp-content\/uploads\/2026\/03\/Arco-de-Los-Cabos.webp?fit=600%2C724&ssl=1",600,724,true],"woocommerce_gallery_thumbnail":["https:\/\/i0.wp.com\/morcabotours.com\/wp-content\/uploads\/2026\/03\/Arco-de-Los-Cabos.webp?resize=100%2C100&ssl=1",100,100,true]},"uagb_author_info":{"display_name":"Daniel Campos","author_link":"https:\/\/morcabotours.com\/en\/author\/"},"uagb_comment_info":0,"uagb_excerpt":"\u00bfQu\u00e9 incluye el tour? \u2714 Recorrido en lancha tradicional. \u2714 Visita a las formaciones rocosas m\u00e1s emblem\u00e1ticas de Los Cabos. \u2714 1 bajada en Playa del Amor o Playa del Divorcio (sujeto a condiciones del clima o en la playa que tenga mejores condiciones del clima). \u2714 Capit\u00e1n certificado. \u2714 Chaleco salvavidas obligatorio durante el&hellip;","jetpack_sharing_enabled":true,"_links":{"self":[{"href":"https:\/\/morcabotours.com\/en\/wp-json\/wp\/v2\/product\/2833","targetHints":{"allow":["GET"]}}],"collection":[{"href":"https:\/\/morcabotours.com\/en\/wp-json\/wp\/v2\/product"}],"about":[{"href":"https:\/\/morcabotours.com\/en\/wp-json\/wp\/v2\/types\/product"}],"wp:featuredmedia":[{"embeddable":true,"href":"https:\/\/morcabotours.com\/en\/wp-json\/wp\/v2\/media\/3724"}],"wp:attachment":[{"href":"https:\/\/morcabotours.com\/en\/wp-json\/wp\/v2\/media?parent=2833"}],"wp:term":[{"taxonomy":"product_brand","embeddable":true,"href":"https:\/\/morcabotours.com\/en\/wp-json\/wp\/v2\/product_brand?post=2833"},{"taxonomy":"product_cat","embeddable":true,"href":"https:\/\/morcabotours.com\/en\/wp-json\/wp\/v2\/product_cat?post=2833"},{"taxonomy":"product_tag","embeddable":true,"href":"https:\/\/morcabotours.com\/en\/wp-json\/wp\/v2\/product_tag?post=2833"}],"curies":[{"name":"wp","href":"https:\/\/api.w.org\/{rel}","templated":true}]}}