{"id":3142,"date":"2025-05-28T18:53:17","date_gmt":"2025-05-29T01:53:17","guid":{"rendered":"https:\/\/morcabotours.com\/?page_id=3142"},"modified":"2025-12-05T14:01:10","modified_gmt":"2025-12-05T21:01:10","slug":"reservar-tours-en-los-cabos","status":"publish","type":"page","link":"https:\/\/morcabotours.com\/en\/reservar-tours-en-los-cabos\/","title":{"rendered":"Tours en Los Cabos"},"content":{"rendered":"<h2 class=\"wp-block-heading has-text-align-center has-text-color has-link-color has-large-font-size wp-elements-2fbeb8ebc19feb4dc568f881e7c66457\" style=\"color:#2e2e2e\"><strong>Elige tu experiencia de Los Mejores Tours en Los Cabos y reserva con total confianza<\/strong><\/h2>\n\n\n\n<p class=\"has-text-align-center has-text-color has-link-color wp-elements-471e1b108bf93a977445320c681edcd4\" style=\"color:#6a6a6a\">Reserva f\u00e1cil Los Mejores Tours en Los Cabos, r\u00e1pido y con total confianza. Explora nuestras experiencias m\u00e1s populares y reserva con&nbsp;<strong>pago seguro y confirmaci\u00f3n inmediata<\/strong>. Precios finales sin cargos ocultos, disponibilidad real y toda la informaci\u00f3n clara antes de pagar. Todos los tours incluyen&nbsp;<strong>entradas, accesos, impuestos y operadores certificados<\/strong>, adem\u00e1s de&nbsp;<strong>cancelaci\u00f3n flexible hasta  24 horas antes <\/strong>. Disfruta Los Cabos sin sorpresas.<\/p>\n\n\n\n<div data-src=\"https:\/\/cdn.trustindex.io\/loader.js?868d11f242ab6822ff2652511a3\"><\/div>\n\n\n\n<!--nextpage-->\n\n\n<div data-block-name=\"woocommerce\/featured-category\" data-category-id=\"45\" data-edit-mode=\"false\" data-focal-point=\"{&quot;x&quot;:0.520000000000000017763568394002504646778106689453125,&quot;y&quot;:0.2099999999999999922284388276239042170345783233642578125}\" data-show-desc=\"false\" class=\"wc-block-featured-category alignnone has-background-dim wp-block-woocommerce-featured-category\" style=\"min-height:500px;\"><div class=\"wc-block-featured-category__wrapper\"><div class=\"background-dim__overlay\" style=\"background-color: #000000\"><\/div><img decoding=\"async\" alt=\"Visita el Arco de Cabo San Lucas\" class=\"wc-block-featured-category__background-image\" src=\"https:\/\/i0.wp.com\/morcabotours.com\/wp-content\/uploads\/2025\/05\/TOUR-LANCHA-DE-CRISTAL.jpeg?fit=1006%2C1006&#038;ssl=1\" style=\"object-fit: none;object-position: 52% 21%;\" \/><h2 class=\"wc-block-featured-category__title\">Visita el Arco de Cabo San Lucas<\/h2><div class=\"wc-block-featured-category__inner-blocks\">\n\n<div class=\"wp-block-buttons is-content-justification-center is-layout-flex wp-container-core-buttons-is-layout-a89b3969 wp-block-buttons-is-layout-flex\">\n<div class=\"wp-block-button\"><a class=\"wp-block-button__link has-background wp-element-button\" href=\"https:\/\/morcabotours.com\/en\/product-category\/visita-el-arco-de-cabo-san-lucas\/\" style=\"background-color:#3db9c7\">Ver  ahora<\/a><\/div>\n<\/div>\n\n<\/div><\/div><\/div>\n\n\n<!--nextpage-->\n\n\n<div data-block-name=\"woocommerce\/featured-category\" data-category-id=\"49\" data-edit-mode=\"false\" data-focal-point=\"{&quot;x&quot;:0.409999999999999975575093458246556110680103302001953125,&quot;y&quot;:0.2600000000000000088817841970012523233890533447265625}\" data-is-repeated=\"true\" data-show-desc=\"false\" class=\"wc-block-featured-category alignnone has-background-dim wp-block-woocommerce-featured-category\" style=\"min-height:500px;\"><div class=\"wc-block-featured-category__wrapper\"><div class=\"background-dim__overlay\" style=\"background-color: #000000\"><\/div><div class=\"wc-block-featured-category__background-image\" style=\"background-image: url(https:\/\/i0.wp.com\/morcabotours.com\/wp-content\/uploads\/2023\/05\/320583181_542991001042858_56494206871012854_n.jpg?fit=768%2C1024&#038;ssl=1);background-position: 41% 26%;\" \/><\/div><h2 class=\"wc-block-featured-category__title\">Tours en Los cabos para ver ballenas<\/h2><div class=\"wc-block-featured-category__inner-blocks\">\n\n<div class=\"wp-block-buttons is-content-justification-center is-layout-flex wp-container-core-buttons-is-layout-a89b3969 wp-block-buttons-is-layout-flex\">\n<div class=\"wp-block-button\"><a class=\"wp-block-button__link has-background wp-element-button\" href=\"https:\/\/morcabotours.com\/en\/product-category\/tours-en-los-cabos-para-ver-ballenas\/\" style=\"background-color:#3db9c7\">Ver ahora<\/a><\/div>\n<\/div>\n\n<\/div><\/div><\/div>\n\n\n<!--nextpage-->\n\n\n<div data-block-name=\"woocommerce\/featured-category\" data-category-id=\"48\" data-edit-mode=\"false\" data-focal-point=\"{&quot;x&quot;:0.5,&quot;y&quot;:0.689999999999999946709294817992486059665679931640625}\" data-image-fit=\"cover\" data-show-desc=\"false\" class=\"wc-block-featured-category alignnone has-background-dim wp-block-woocommerce-featured-category\" style=\"min-height:500px;\"><div class=\"wc-block-featured-category__wrapper\"><div class=\"background-dim__overlay\" style=\"background-color: #000000\"><\/div><img decoding=\"async\" alt=\"Tours en Los Cabos para parejas\" class=\"wc-block-featured-category__background-image\" src=\"https:\/\/i0.wp.com\/morcabotours.com\/wp-content\/uploads\/2026\/03\/Experiencias-Romanticas-Los-Cabos.webp?fit=922%2C615&#038;ssl=1\" style=\"object-fit: cover;object-position: 50% 69%;\" \/><h2 class=\"wc-block-featured-category__title\">Tours en Los Cabos para parejas<\/h2><div class=\"wc-block-featured-category__inner-blocks\">\n\n<div class=\"wp-block-buttons is-content-justification-center is-layout-flex wp-container-core-buttons-is-layout-a89b3969 wp-block-buttons-is-layout-flex\">\n<div class=\"wp-block-button\"><a class=\"wp-block-button__link has-background wp-element-button\" href=\"https:\/\/morcabotours.com\/en\/product-category\/tours-en-los-cabos-en-pareja\/\" style=\"background-color:#3db9c7\">Ver  ahora<\/a><\/div>\n<\/div>\n\n<\/div><\/div><\/div>\n\n\n<!--nextpage-->\n\n\n<div data-block-name=\"woocommerce\/featured-category\" data-category-id=\"50\" data-edit-mode=\"false\" data-focal-point=\"{&quot;x&quot;:0.479999999999999982236431605997495353221893310546875,&quot;y&quot;:0.2600000000000000088817841970012523233890533447265625}\" data-show-desc=\"false\" class=\"wc-block-featured-category alignnone has-background-dim wp-block-woocommerce-featured-category\" style=\"min-height:500px;\"><div class=\"wc-block-featured-category__wrapper\"><div class=\"background-dim__overlay\" style=\"background-color: #000000\"><\/div><img decoding=\"async\" alt=\"Tours Off-Road &amp; Aventura en Los Cabos\" class=\"wc-block-featured-category__background-image\" src=\"https:\/\/i0.wp.com\/morcabotours.com\/wp-content\/uploads\/2025\/05\/IMG_7381-scaled.jpg?fit=1024%2C683&#038;ssl=1\" style=\"object-fit: none;object-position: 48% 26%;\" \/><h2 class=\"wc-block-featured-category__title\">Tours Off-Road &amp; Aventura en Los Cabos<\/h2><div class=\"wc-block-featured-category__inner-blocks\">\n\n<div class=\"wp-block-buttons is-content-justification-center is-layout-flex wp-container-core-buttons-is-layout-a89b3969 wp-block-buttons-is-layout-flex\">\n<div class=\"wp-block-button\"><a class=\"wp-block-button__link has-background wp-element-button\" href=\"https:\/\/morcabotours.com\/en\/product-category\/tours-off-road-aventura-en-los-cabos\/\" style=\"background-color:#3db9c7\">Ver ahora<\/a><\/div>\n<\/div>\n\n<\/div><\/div><\/div>\n\n\n<div data-src=\"https:\/\/cdn.trustindex.io\/loader.js?868d11f242ab6822ff2652511a3\"><\/div>","protected":false},"excerpt":{"rendered":"<p>Elige tu experiencia de Los Mejores Tours en Los Cabos y reserva con total confianza Reserva f\u00e1cil Los Mejores Tours en Los Cabos, r\u00e1pido y con total confianza. Explora nuestras experiencias m\u00e1s populares y reserva con&nbsp;pago seguro y confirmaci\u00f3n inmediata. Precios finales sin cargos ocultos, disponibilidad real y toda la informaci\u00f3n clara antes de pagar. [&hellip;]<\/p>\n","protected":false},"author":1,"featured_media":0,"parent":0,"menu_order":0,"comment_status":"closed","ping_status":"closed","template":"","meta":{"_uag_custom_page_level_css":"","WB4WB4WP_MODE":"","WB4WP_PAGE_SCRIPTS":"","WB4WP_PAGE_STYLES":"","WB4WP_PAGE_FONTS":"","WB4WP_PAGE_HEADER":"","WB4WP_PAGE_FOOTER":"","_themeisle_gutenberg_block_has_review":false,"jetpack_post_was_ever_published":false,"_joinchat":[],"footnotes":""},"class_list":["post-3142","page","type-page","status-publish","hentry"],"blocksy_meta":[],"yoast_head":"<!-- This site is optimized with the Yoast SEO plugin v27.4 - https:\/\/yoast.com\/product\/yoast-seo-wordpress\/ -->\n<title>Los Mejores Tours en Los Cabos. - Morcabo Tours<\/title>\n<meta name=\"description\" content=\"Descubre Los Mejores Tours en Los Cabos. Reserva de forma segura y con cancelaci\u00f3n flexible con hasta 24 horas antes.\" \/>\n<meta name=\"robots\" content=\"index, follow, max-snippet:-1, max-image-preview:large, max-video-preview:-1\" \/>\n<link rel=\"canonical\" href=\"https:\/\/morcabotours.com\/en\/reservar-tours-en-los-cabos\/\" \/>\n<link rel=\"next\" href=\"https:\/\/morcabotours.com\/reservar-tours-en-los-cabos\/2\/\" \/>\n<meta property=\"og:locale\" content=\"en_US\" \/>\n<meta property=\"og:type\" content=\"article\" \/>\n<meta property=\"og:title\" content=\"Los Mejores Tours en Los Cabos. - Morcabo Tours\" \/>\n<meta property=\"og:description\" content=\"Descubre Los Mejores Tours en Los Cabos. Reserva de forma segura y con cancelaci\u00f3n flexible con hasta 24 horas antes.\" \/>\n<meta property=\"og:url\" content=\"https:\/\/morcabotours.com\/en\/reservar-tours-en-los-cabos\/\" \/>\n<meta property=\"og:site_name\" content=\"Morcabo Tours\" \/>\n<meta property=\"article:publisher\" content=\"https:\/\/www.facebook.com\/Morcabo\/\" \/>\n<meta property=\"article:modified_time\" content=\"2025-12-05T21:01:10+00:00\" \/>\n<meta name=\"twitter:card\" content=\"summary_large_image\" \/>\n<meta name=\"twitter:label1\" content=\"Est. reading time\" \/>\n\t<meta name=\"twitter:data1\" content=\"1 minute\" \/>\n<script type=\"application\/ld+json\" class=\"yoast-schema-graph\">{\"@context\":\"https:\\\/\\\/schema.org\",\"@graph\":[{\"@type\":\"WebPage\",\"@id\":\"https:\\\/\\\/morcabotours.com\\\/reservar-tours-en-los-cabos\\\/\",\"url\":\"https:\\\/\\\/morcabotours.com\\\/reservar-tours-en-los-cabos\\\/\",\"name\":\"Los Mejores Tours en Los Cabos. - Morcabo Tours\",\"isPartOf\":{\"@id\":\"https:\\\/\\\/morcabotours.com\\\/#website\"},\"datePublished\":\"2025-05-29T01:53:17+00:00\",\"dateModified\":\"2025-12-05T21:01:10+00:00\",\"description\":\"Descubre Los Mejores Tours en Los Cabos. Reserva de forma segura y con cancelaci\u00f3n flexible con hasta 24 horas antes.\",\"inLanguage\":\"en-US\",\"potentialAction\":[{\"@type\":\"ReadAction\",\"target\":[\"https:\\\/\\\/morcabotours.com\\\/reservar-tours-en-los-cabos\\\/\"]}]},{\"@type\":\"WebSite\",\"@id\":\"https:\\\/\\\/morcabotours.com\\\/#website\",\"url\":\"https:\\\/\\\/morcabotours.com\\\/\",\"name\":\"Morcabo Tours\",\"description\":\"Los Mejores Tours en Los Cabos.\",\"publisher\":{\"@id\":\"https:\\\/\\\/morcabotours.com\\\/#organization\"},\"potentialAction\":[{\"@type\":\"SearchAction\",\"target\":{\"@type\":\"EntryPoint\",\"urlTemplate\":\"https:\\\/\\\/morcabotours.com\\\/?s={search_term_string}\"},\"query-input\":{\"@type\":\"PropertyValueSpecification\",\"valueRequired\":true,\"valueName\":\"search_term_string\"}}],\"inLanguage\":\"en-US\"},{\"@type\":\"Organization\",\"@id\":\"https:\\\/\\\/morcabotours.com\\\/#organization\",\"name\":\"Morcabo tours Que hacer en Los Cabos.\",\"url\":\"https:\\\/\\\/morcabotours.com\\\/\",\"logo\":{\"@type\":\"ImageObject\",\"inLanguage\":\"en-US\",\"@id\":\"https:\\\/\\\/morcabotours.com\\\/#\\\/schema\\\/logo\\\/image\\\/\",\"url\":\"https:\\\/\\\/i0.wp.com\\\/morcabotours.com\\\/wp-content\\\/uploads\\\/2026\\\/03\\\/MORCABO-LOGO-HORIZONTAL.png?fit=1000%2C500&ssl=1\",\"contentUrl\":\"https:\\\/\\\/i0.wp.com\\\/morcabotours.com\\\/wp-content\\\/uploads\\\/2026\\\/03\\\/MORCABO-LOGO-HORIZONTAL.png?fit=1000%2C500&ssl=1\",\"width\":1000,\"height\":500,\"caption\":\"Morcabo tours Que hacer en Los Cabos.\"},\"image\":{\"@id\":\"https:\\\/\\\/morcabotours.com\\\/#\\\/schema\\\/logo\\\/image\\\/\"},\"sameAs\":[\"https:\\\/\\\/www.facebook.com\\\/Morcabo\\\/\",\"https:\\\/\\\/www.instagram.com\\\/morcabotoursenloscabos\\\/\",\"https:\\\/\\\/www.tiktok.com\\\/@morcabotours\"]}]}<\/script>\n<!-- \/ Yoast SEO plugin. -->","yoast_head_json":{"title":"Los Mejores Tours en Los Cabos. - Morcabo Tours","description":"Descubre Los Mejores Tours en Los Cabos. Reserva de forma segura y con cancelaci\u00f3n flexible con hasta 24 horas antes.","robots":{"index":"index","follow":"follow","max-snippet":"max-snippet:-1","max-image-preview":"max-image-preview:large","max-video-preview":"max-video-preview:-1"},"canonical":"https:\/\/morcabotours.com\/en\/reservar-tours-en-los-cabos\/","next":"https:\/\/morcabotours.com\/reservar-tours-en-los-cabos\/2\/","og_locale":"en_US","og_type":"article","og_title":"Los Mejores Tours en Los Cabos. - Morcabo Tours","og_description":"Descubre Los Mejores Tours en Los Cabos. Reserva de forma segura y con cancelaci\u00f3n flexible con hasta 24 horas antes.","og_url":"https:\/\/morcabotours.com\/en\/reservar-tours-en-los-cabos\/","og_site_name":"Morcabo Tours","article_publisher":"https:\/\/www.facebook.com\/Morcabo\/","article_modified_time":"2025-12-05T21:01:10+00:00","twitter_card":"summary_large_image","twitter_misc":{"Est. reading time":"1 minute"},"schema":{"@context":"https:\/\/schema.org","@graph":[{"@type":"WebPage","@id":"https:\/\/morcabotours.com\/reservar-tours-en-los-cabos\/","url":"https:\/\/morcabotours.com\/reservar-tours-en-los-cabos\/","name":"Los Mejores Tours en Los Cabos. - Morcabo Tours","isPartOf":{"@id":"https:\/\/morcabotours.com\/#website"},"datePublished":"2025-05-29T01:53:17+00:00","dateModified":"2025-12-05T21:01:10+00:00","description":"Descubre Los Mejores Tours en Los Cabos. Reserva de forma segura y con cancelaci\u00f3n flexible con hasta 24 horas antes.","inLanguage":"en-US","potentialAction":[{"@type":"ReadAction","target":["https:\/\/morcabotours.com\/reservar-tours-en-los-cabos\/"]}]},{"@type":"WebSite","@id":"https:\/\/morcabotours.com\/#website","url":"https:\/\/morcabotours.com\/","name":"Morcabo Tours","description":"Best things To Do in Cabo","publisher":{"@id":"https:\/\/morcabotours.com\/#organization"},"potentialAction":[{"@type":"SearchAction","target":{"@type":"EntryPoint","urlTemplate":"https:\/\/morcabotours.com\/?s={search_term_string}"},"query-input":{"@type":"PropertyValueSpecification","valueRequired":true,"valueName":"search_term_string"}}],"inLanguage":"en-US"},{"@type":"Organization","@id":"https:\/\/morcabotours.com\/#organization","name":"Morcabo tours Que hacer en Los Cabos.","url":"https:\/\/morcabotours.com\/","logo":{"@type":"ImageObject","inLanguage":"en-US","@id":"https:\/\/morcabotours.com\/#\/schema\/logo\/image\/","url":"https:\/\/i0.wp.com\/morcabotours.com\/wp-content\/uploads\/2026\/03\/MORCABO-LOGO-HORIZONTAL.png?fit=1000%2C500&ssl=1","contentUrl":"https:\/\/i0.wp.com\/morcabotours.com\/wp-content\/uploads\/2026\/03\/MORCABO-LOGO-HORIZONTAL.png?fit=1000%2C500&ssl=1","width":1000,"height":500,"caption":"Morcabo tours Que hacer en Los Cabos."},"image":{"@id":"https:\/\/morcabotours.com\/#\/schema\/logo\/image\/"},"sameAs":["https:\/\/www.facebook.com\/Morcabo\/","https:\/\/www.instagram.com\/morcabotoursenloscabos\/","https:\/\/www.tiktok.com\/@morcabotours"]}]}},"uagb_featured_image_src":{"full":false,"thumbnail":false,"medium":false,"medium_large":false,"large":false,"1536x1536":false,"2048x2048":false,"trp-custom-language-flag":false,"woocommerce_archive_thumbnail":false,"woocommerce_thumbnail":false,"woocommerce_single":false,"woocommerce_gallery_thumbnail":false},"uagb_author_info":{"display_name":"Daniel Campos","author_link":"https:\/\/morcabotours.com\/en\/author\/vitacamposespinoza\/"},"uagb_comment_info":0,"uagb_excerpt":"Elige tu experiencia de Los Mejores Tours en Los Cabos y reserva con total confianza Reserva f\u00e1cil Los Mejores Tours en Los Cabos, r\u00e1pido y con total confianza. Explora nuestras experiencias m\u00e1s populares y reserva con&nbsp;pago seguro y confirmaci\u00f3n inmediata. Precios finales sin cargos ocultos, disponibilidad real y toda la informaci\u00f3n clara antes de pagar.&hellip;","jetpack_sharing_enabled":true,"_links":{"self":[{"href":"https:\/\/morcabotours.com\/en\/wp-json\/wp\/v2\/pages\/3142","targetHints":{"allow":["GET"]}}],"collection":[{"href":"https:\/\/morcabotours.com\/en\/wp-json\/wp\/v2\/pages"}],"about":[{"href":"https:\/\/morcabotours.com\/en\/wp-json\/wp\/v2\/types\/page"}],"author":[{"embeddable":true,"href":"https:\/\/morcabotours.com\/en\/wp-json\/wp\/v2\/users\/1"}],"replies":[{"embeddable":true,"href":"https:\/\/morcabotours.com\/en\/wp-json\/wp\/v2\/comments?post=3142"}],"version-history":[{"count":5,"href":"https:\/\/morcabotours.com\/en\/wp-json\/wp\/v2\/pages\/3142\/revisions"}],"predecessor-version":[{"id":3483,"href":"https:\/\/morcabotours.com\/en\/wp-json\/wp\/v2\/pages\/3142\/revisions\/3483"}],"wp:attachment":[{"href":"https:\/\/morcabotours.com\/en\/wp-json\/wp\/v2\/media?parent=3142"}],"curies":[{"name":"wp","href":"https:\/\/api.w.org\/{rel}","templated":true}]}}